{"id":3245,"date":"2025-01-16T16:20:57","date_gmt":"2025-01-16T16:20:57","guid":{"rendered":"\/?page_id=3245"},"modified":"2025-01-16T16:20:57","modified_gmt":"2025-01-16T16:20:57","slug":"sede-lanzarote","status":"publish","type":"page","link":"https:\/\/emergencydoctorarzt.com\/en\/sede-lanzarote\/","title":{"rendered":"Sede Lanzarote"},"content":{"rendered":"<div data-elementor-type=\"wp-page\" data-elementor-id=\"3245\" class=\"elementor elementor-3245\">\n\t\t\t\t\t\t<section class=\"elementor-section elementor-top-section elementor-element elementor-element-454e198 elementor-section-stretched elementor-section-boxed elementor-section-height-default elementor-section-height-default wpr-particle-no wpr-jarallax-no wpr-parallax-no wpr-sticky-section-no\" data-id=\"454e198\" data-element_type=\"section\" data-settings=\"{&quot;stretch_section&quot;:&quot;section-stretched&quot;}\">\n\t\t\t\t\t\t<div class=\"elementor-container elementor-column-gap-default\">\n\t\t\t\t\t<div class=\"elementor-column elementor-col-100 elementor-top-column elementor-element elementor-element-d62f8ec\" data-id=\"d62f8ec\" data-element_type=\"column\">\n\t\t\t<div class=\"elementor-widget-wrap elementor-element-populated\">\n\t\t\t\t\t\t<div class=\"elementor-element elementor-element-edb686f elementor-widget elementor-widget-image\" data-id=\"edb686f\" data-element_type=\"widget\" data-widget_type=\"image.default\">\n\t\t\t\t<div class=\"elementor-widget-container\">\n\t\t\t\t\t\t\t\t\t\t\t\t\t\t\t<img decoding=\"async\" data-src=\"\/wp-content\/uploads\/Captura-de-pantalla-2025-01-27-171218.webp\" title=\"\" alt=\"\" src=\"data:image\/gif;base64,R0lGODlhAQABAAAAACH5BAEKAAEALAAAAAABAAEAAAICTAEAOw==\" class=\"lazyload\" \/>\t\t\t\t\t\t\t\t\t\t\t\t\t\t\t<\/div>\n\t\t\t\t<\/div>\n\t\t\t\t<div class=\"elementor-element elementor-element-ded5b04 elementor-widget elementor-widget-text-editor\" data-id=\"ded5b04\" data-element_type=\"widget\" data-widget_type=\"text-editor.default\">\n\t\t\t\t<div class=\"elementor-widget-container\">\n\t\t\t\t\t\t\t\t\t<h3>Visita nuestra cl\u00ednica en Lanzarote<\/h3><p><strong>Laboratorio De An\u00e1lisis Cl\u00ednicos JMD<\/strong><\/p><p>Te esperamos en nuestra sede de Lanzarote, ubicada en <strong>Calle M\u00e9xico, 10, 35500 Arrecife, Las Palmas<\/strong>. En <strong>Laboratorio De An\u00e1lisis Cl\u00ednicos JMD<\/strong>, nos especializamos en ofrecer an\u00e1lisis cl\u00ednicos r\u00e1pidos, precisos y confiables, siempre con un trato cercano y profesional.<\/p>\t\t\t\t\t\t\t\t<\/div>\n\t\t\t\t<\/div>\n\t\t\t\t\t<\/div>\n\t\t<\/div>\n\t\t\t\t\t<\/div>\n\t\t<\/section>\n\t\t\t\t<section class=\"elementor-section elementor-top-section elementor-element elementor-element-a3f5dcf elementor-section-boxed elementor-section-height-default elementor-section-height-default wpr-particle-no wpr-jarallax-no wpr-parallax-no wpr-sticky-section-no\" data-id=\"a3f5dcf\" data-element_type=\"section\">\n\t\t\t\t\t\t<div class=\"elementor-container elementor-column-gap-default\">\n\t\t\t\t\t<div class=\"elementor-column elementor-col-100 elementor-top-column elementor-element elementor-element-71d819a\" data-id=\"71d819a\" data-element_type=\"column\">\n\t\t\t<div class=\"elementor-widget-wrap elementor-element-populated\">\n\t\t\t\t\t\t<div class=\"elementor-element elementor-element-8ef1fa4 elementor-widget elementor-widget-google_maps\" data-id=\"8ef1fa4\" data-element_type=\"widget\" data-widget_type=\"google_maps.default\">\n\t\t\t\t<div class=\"elementor-widget-container\">\n\t\t\t\t\t\t\t<div class=\"elementor-custom-embed\">\n\t\t\t<iframe\n\t\t\t\t\tdata-src=\"https:\/\/maps.google.com\/maps?q=%20Direcci%C3%B3n%3A%20C.%20M%C3%A9xico%2C%2010%2C%2035500%20Arrecife%2C%20Las%20Palmas&#038;t=m&#038;z=15&#038;output=embed&#038;iwloc=near\"\n\t\t\t\t\ttitle=\" Direcci\u00f3n: C. M\u00e9xico, 10, 35500 Arrecife, Las Palmas\"\n\t\t\t\t\taria-label=\" Direcci\u00f3n: C. M\u00e9xico, 10, 35500 Arrecife, Las Palmas\"\n\t\t\t src=\"data:image\/gif;base64,R0lGODlhAQABAAAAACH5BAEKAAEALAAAAAABAAEAAAICTAEAOw==\" class=\"lazyload\" data-load-mode=\"1\"><\/iframe>\n\t\t<\/div>\n\t\t\t\t\t\t<\/div>\n\t\t\t\t<\/div>\n\t\t\t\t\t<\/div>\n\t\t<\/div>\n\t\t\t\t\t<\/div>\n\t\t<\/section>\n\t\t\t\t<\/div>","protected":false},"excerpt":{"rendered":"<p>Visita nuestra cl\u00ednica en Lanzarote Laboratorio De An\u00e1lisis Cl\u00ednicos JMD Te esperamos en nuestra sede de Lanzarote, ubicada en Calle M\u00e9xico, 10, 35500 Arrecife, Las Palmas. En Laboratorio De An\u00e1lisis Cl\u00ednicos JMD, nos especializamos en ofrecer an\u00e1lisis cl\u00ednicos r\u00e1pidos, precisos y confiables, siempre con un trato cercano y profesional.<\/p>","protected":false},"author":1,"featured_media":0,"parent":0,"menu_order":0,"comment_status":"closed","ping_status":"closed","template":"","meta":{"site-sidebar-layout":"default","site-content-layout":"","ast-site-content-layout":"","site-content-style":"default","site-sidebar-style":"default","ast-global-header-display":"","ast-banner-title-visibility":"","ast-main-header-display":"","ast-hfb-above-header-display":"","ast-hfb-below-header-display":"","ast-hfb-mobile-header-display":"","site-post-title":"","ast-breadcrumbs-content":"","ast-featured-img":"","footer-sml-layout":"","theme-transparent-header-meta":"","adv-header-id-meta":"","stick-header-meta":"","header-above-stick-meta":"","header-main-stick-meta":"","header-below-stick-meta":"","astra-migrate-meta-layouts":"default","ast-page-background-enabled":"default","ast-page-background-meta":{"desktop":{"background-color":"","background-image":"","background-repeat":"repeat","background-position":"center center","background-size":"auto","background-attachment":"scroll","background-type":"","background-media":"","overlay-type":"","overlay-color":"","overlay-opacity":"","overlay-gradient":""},"tablet":{"background-color":"","background-image":"","background-repeat":"repeat","background-position":"center center","background-size":"auto","background-attachment":"scroll","background-type":"","background-media":"","overlay-type":"","overlay-color":"","overlay-opacity":"","overlay-gradient":""},"mobile":{"background-color":"","background-image":"","background-repeat":"repeat","background-position":"center center","background-size":"auto","background-attachment":"scroll","background-type":"","background-media":"","overlay-type":"","overlay-color":"","overlay-opacity":"","overlay-gradient":""}},"ast-content-background-meta":{"desktop":{"background-color":"var(--ast-global-color-5)","background-image":"","background-repeat":"repeat","background-position":"center center","background-size":"auto","background-attachment":"scroll","background-type":"","background-media":"","overlay-type":"","overlay-color":"","overlay-opacity":"","overlay-gradient":""},"tablet":{"background-color":"var(--ast-global-color-5)","background-image":"","background-repeat":"repeat","background-position":"center center","background-size":"auto","background-attachment":"scroll","background-type":"","background-media":"","overlay-type":"","overlay-color":"","overlay-opacity":"","overlay-gradient":""},"mobile":{"background-color":"var(--ast-global-color-5)","background-image":"","background-repeat":"repeat","background-position":"center center","background-size":"auto","background-attachment":"scroll","background-type":"","background-media":"","overlay-type":"","overlay-color":"","overlay-opacity":"","overlay-gradient":""}},"footnotes":""},"class_list":["post-3245","page","type-page","status-publish","hentry"],"yoast_head":"<!-- This site is optimized with the Yoast SEO plugin v24.7 - https:\/\/yoast.com\/wordpress\/plugins\/seo\/ -->\n<title>Sede Lanzarote - EMERGENCY DOCTOR LANZAROTE S.L.U.<\/title>\n<meta name=\"robots\" content=\"index, follow, max-snippet:-1, max-image-preview:large, max-video-preview:-1\" \/>\n<link rel=\"canonical\" href=\"https:\/\/emergencydoctorarzt.com\/en\/sede-lanzarote\/\" \/>\n<meta property=\"og:locale\" content=\"en_US\" \/>\n<meta property=\"og:type\" content=\"article\" \/>\n<meta property=\"og:title\" content=\"Sede Lanzarote - EMERGENCY DOCTOR LANZAROTE S.L.U.\" \/>\n<meta property=\"og:description\" content=\"Visita nuestra cl\u00ednica en Lanzarote Laboratorio De An\u00e1lisis Cl\u00ednicos JMD Te esperamos en nuestra sede de Lanzarote, ubicada en Calle M\u00e9xico, 10, 35500 Arrecife, Las Palmas. En Laboratorio De An\u00e1lisis Cl\u00ednicos JMD, nos especializamos en ofrecer an\u00e1lisis cl\u00ednicos r\u00e1pidos, precisos y confiables, siempre con un trato cercano y profesional.\" \/>\n<meta property=\"og:url\" content=\"https:\/\/emergencydoctorarzt.com\/en\/sede-lanzarote\/\" \/>\n<meta property=\"og:site_name\" content=\"EMERGENCY DOCTOR LANZAROTE S.L.U.\" \/>\n<meta property=\"og:image\" content=\"https:\/\/emergencydoctorarzt.com\/wp-content\/uploads\/2023\/03\/logo.png\" \/>\n\t<meta property=\"og:image:width\" content=\"1052\" \/>\n\t<meta property=\"og:image:height\" content=\"328\" \/>\n\t<meta property=\"og:image:type\" content=\"image\/png\" \/>\n<meta name=\"twitter:card\" content=\"summary_large_image\" \/>\n<script type=\"application\/ld+json\" class=\"yoast-schema-graph\">{\"@context\":\"https:\/\/schema.org\",\"@graph\":[{\"@type\":\"WebPage\",\"@id\":\"https:\/\/emergencydoctorarzt.com\/sede-lanzarote\/\",\"url\":\"https:\/\/emergencydoctorarzt.com\/sede-lanzarote\/\",\"name\":\"Sede Lanzarote - EMERGENCY DOCTOR LANZAROTE S.L.U.\",\"isPartOf\":{\"@id\":\"https:\/\/emergencydoctorarzt.com\/#website\"},\"primaryImageOfPage\":{\"@id\":\"https:\/\/emergencydoctorarzt.com\/sede-lanzarote\/#primaryimage\"},\"image\":{\"@id\":\"https:\/\/emergencydoctorarzt.com\/sede-lanzarote\/#primaryimage\"},\"thumbnailUrl\":\"https:\/\/emergencydoctorarzt.com\/wp-content\/uploads\/2025\/01\/Captura-de-pantalla-2025-01-27-171218.webp\",\"datePublished\":\"2025-01-16T16:20:57+00:00\",\"breadcrumb\":{\"@id\":\"https:\/\/emergencydoctorarzt.com\/sede-lanzarote\/#breadcrumb\"},\"inLanguage\":\"en-US\",\"potentialAction\":[{\"@type\":\"ReadAction\",\"target\":[\"https:\/\/emergencydoctorarzt.com\/sede-lanzarote\/\"]}]},{\"@type\":\"ImageObject\",\"inLanguage\":\"en-US\",\"@id\":\"https:\/\/emergencydoctorarzt.com\/sede-lanzarote\/#primaryimage\",\"url\":\"https:\/\/emergencydoctorarzt.com\/wp-content\/uploads\/2025\/01\/Captura-de-pantalla-2025-01-27-171218.webp\",\"contentUrl\":\"https:\/\/emergencydoctorarzt.com\/wp-content\/uploads\/2025\/01\/Captura-de-pantalla-2025-01-27-171218.webp\"},{\"@type\":\"BreadcrumbList\",\"@id\":\"https:\/\/emergencydoctorarzt.com\/sede-lanzarote\/#breadcrumb\",\"itemListElement\":[{\"@type\":\"ListItem\",\"position\":1,\"name\":\"Portada\",\"item\":\"https:\/\/emergencydoctorarzt.com\/\"},{\"@type\":\"ListItem\",\"position\":2,\"name\":\"Sede Lanzarote\"}]},{\"@type\":\"WebSite\",\"@id\":\"https:\/\/emergencydoctorarzt.com\/#website\",\"url\":\"https:\/\/emergencydoctorarzt.com\/\",\"name\":\"Emergency Doctor Lanzarote\",\"description\":\"\",\"publisher\":{\"@id\":\"https:\/\/emergencydoctorarzt.com\/#organization\"},\"potentialAction\":[{\"@type\":\"SearchAction\",\"target\":{\"@type\":\"EntryPoint\",\"urlTemplate\":\"https:\/\/emergencydoctorarzt.com\/?s={search_term_string}\"},\"query-input\":{\"@type\":\"PropertyValueSpecification\",\"valueRequired\":true,\"valueName\":\"search_term_string\"}}],\"inLanguage\":\"en-US\"},{\"@type\":\"Organization\",\"@id\":\"https:\/\/emergencydoctorarzt.com\/#organization\",\"name\":\"Emergency Doctor Lanzarote S.L.U.\",\"url\":\"https:\/\/emergencydoctorarzt.com\/\",\"logo\":{\"@type\":\"ImageObject\",\"inLanguage\":\"en-US\",\"@id\":\"https:\/\/emergencydoctorarzt.com\/#\/schema\/logo\/image\/\",\"url\":\"https:\/\/emergencydoctorarzt.comwp-content\/uploads\/2023\/03\/logo-2.png\",\"contentUrl\":\"https:\/\/emergencydoctorarzt.comwp-content\/uploads\/2023\/03\/logo-2.png\",\"width\":409,\"height\":469,\"caption\":\"Emergency Doctor Lanzarote S.L.U.\"},\"image\":{\"@id\":\"https:\/\/emergencydoctorarzt.com\/#\/schema\/logo\/image\/\"}}]}<\/script>\n<!-- \/ Yoast SEO plugin. -->","yoast_head_json":{"title":"Sede Lanzarote - EMERGENCY DOCTOR LANZAROTE S.L.U.","robots":{"index":"index","follow":"follow","max-snippet":"max-snippet:-1","max-image-preview":"max-image-preview:large","max-video-preview":"max-video-preview:-1"},"canonical":"https:\/\/emergencydoctorarzt.com\/en\/sede-lanzarote\/","og_locale":"en_US","og_type":"article","og_title":"Sede Lanzarote - EMERGENCY DOCTOR LANZAROTE S.L.U.","og_description":"Visita nuestra cl\u00ednica en Lanzarote Laboratorio De An\u00e1lisis Cl\u00ednicos JMD Te esperamos en nuestra sede de Lanzarote, ubicada en Calle M\u00e9xico, 10, 35500 Arrecife, Las Palmas. En Laboratorio De An\u00e1lisis Cl\u00ednicos JMD, nos especializamos en ofrecer an\u00e1lisis cl\u00ednicos r\u00e1pidos, precisos y confiables, siempre con un trato cercano y profesional.","og_url":"https:\/\/emergencydoctorarzt.com\/en\/sede-lanzarote\/","og_site_name":"EMERGENCY DOCTOR LANZAROTE S.L.U.","og_image":[{"width":1052,"height":328,"url":"https:\/\/emergencydoctorarzt.com\/wp-content\/uploads\/2023\/03\/logo.png","type":"image\/png"}],"twitter_card":"summary_large_image","schema":{"@context":"https:\/\/schema.org","@graph":[{"@type":"WebPage","@id":"https:\/\/emergencydoctorarzt.com\/sede-lanzarote\/","url":"https:\/\/emergencydoctorarzt.com\/sede-lanzarote\/","name":"Sede Lanzarote - EMERGENCY DOCTOR LANZAROTE S.L.U.","isPartOf":{"@id":"https:\/\/emergencydoctorarzt.com\/#website"},"primaryImageOfPage":{"@id":"https:\/\/emergencydoctorarzt.com\/sede-lanzarote\/#primaryimage"},"image":{"@id":"https:\/\/emergencydoctorarzt.com\/sede-lanzarote\/#primaryimage"},"thumbnailUrl":"https:\/\/emergencydoctorarzt.com\/wp-content\/uploads\/2025\/01\/Captura-de-pantalla-2025-01-27-171218.webp","datePublished":"2025-01-16T16:20:57+00:00","breadcrumb":{"@id":"https:\/\/emergencydoctorarzt.com\/sede-lanzarote\/#breadcrumb"},"inLanguage":"en-US","potentialAction":[{"@type":"ReadAction","target":["https:\/\/emergencydoctorarzt.com\/sede-lanzarote\/"]}]},{"@type":"ImageObject","inLanguage":"en-US","@id":"https:\/\/emergencydoctorarzt.com\/sede-lanzarote\/#primaryimage","url":"https:\/\/emergencydoctorarzt.com\/wp-content\/uploads\/2025\/01\/Captura-de-pantalla-2025-01-27-171218.webp","contentUrl":"https:\/\/emergencydoctorarzt.com\/wp-content\/uploads\/2025\/01\/Captura-de-pantalla-2025-01-27-171218.webp"},{"@type":"BreadcrumbList","@id":"https:\/\/emergencydoctorarzt.com\/sede-lanzarote\/#breadcrumb","itemListElement":[{"@type":"ListItem","position":1,"name":"Portada","item":"https:\/\/emergencydoctorarzt.com\/"},{"@type":"ListItem","position":2,"name":"Sede Lanzarote"}]},{"@type":"WebSite","@id":"https:\/\/emergencydoctorarzt.com\/#website","url":"https:\/\/emergencydoctorarzt.com\/","name":"Emergency Doctor Lanzarote","description":"","publisher":{"@id":"https:\/\/emergencydoctorarzt.com\/#organization"},"potentialAction":[{"@type":"SearchAction","target":{"@type":"EntryPoint","urlTemplate":"https:\/\/emergencydoctorarzt.com\/?s={search_term_string}"},"query-input":{"@type":"PropertyValueSpecification","valueRequired":true,"valueName":"search_term_string"}}],"inLanguage":"en-US"},{"@type":"Organization","@id":"https:\/\/emergencydoctorarzt.com\/#organization","name":"Emergency Doctor Lanzarote S.L.U.","url":"https:\/\/emergencydoctorarzt.com\/","logo":{"@type":"ImageObject","inLanguage":"en-US","@id":"https:\/\/emergencydoctorarzt.com\/#\/schema\/logo\/image\/","url":"https:\/\/emergencydoctorarzt.comwp-content\/uploads\/2023\/03\/logo-2.png","contentUrl":"https:\/\/emergencydoctorarzt.comwp-content\/uploads\/2023\/03\/logo-2.png","width":409,"height":469,"caption":"Emergency Doctor Lanzarote S.L.U."},"image":{"@id":"https:\/\/emergencydoctorarzt.com\/#\/schema\/logo\/image\/"}}]}},"_links":{"self":[{"href":"https:\/\/emergencydoctorarzt.com\/en\/wp-json\/wp\/v2\/pages\/3245","targetHints":{"allow":["GET"]}}],"collection":[{"href":"https:\/\/emergencydoctorarzt.com\/en\/wp-json\/wp\/v2\/pages"}],"about":[{"href":"https:\/\/emergencydoctorarzt.com\/en\/wp-json\/wp\/v2\/types\/page"}],"author":[{"embeddable":true,"href":"https:\/\/emergencydoctorarzt.com\/en\/wp-json\/wp\/v2\/users\/1"}],"replies":[{"embeddable":true,"href":"https:\/\/emergencydoctorarzt.com\/en\/wp-json\/wp\/v2\/comments?post=3245"}],"version-history":[{"count":0,"href":"https:\/\/emergencydoctorarzt.com\/en\/wp-json\/wp\/v2\/pages\/3245\/revisions"}],"wp:attachment":[{"href":"https:\/\/emergencydoctorarzt.com\/en\/wp-json\/wp\/v2\/media?parent=3245"}],"curies":[{"name":"wp","href":"https:\/\/api.w.org\/{rel}","templated":true}]}}