{"id":3253,"date":"2024-03-27T18:22:09","date_gmt":"2024-03-27T18:22:09","guid":{"rendered":"https:\/\/emergencydoctorlanzarote.com\/?page_id=3253"},"modified":"2025-04-18T19:14:43","modified_gmt":"2025-04-18T19:14:43","slug":"aviso-legal-old","status":"publish","type":"page","link":"https:\/\/emergencydoctorarzt.com\/en\/aviso-legal-old\/","title":{"rendered":"LEGAL WARNING"},"content":{"rendered":"<p>[vc_row][vc_column][vc_column_text]<\/p>\n<h3 id=\"1099921799\" class=\"u_1099921799 dmNewParagraph wp-block-heading\" data-inject=\"impressum-paragraphTitle1\" data-element-type=\"paragraph\">Mandated:<\/h3>\n<div id=\"1242833016\" class=\"u_1242833016 dmNewParagraph\" data-inject=\"impressum-paragraphText1\">\n<p>Denominaci\u00f3n social: Emergenciadoctorlanzarote S.L.U.<br \/>Nombre y apellido: Dr. Eraldo D\u00edaz Paulovich<\/p>\n<p>Address: Calle La Rosa 39. Costa Teguise. Lanzarote.<\/p>\n<p>El responsable de esta p\u00e1gina web es: EMERGENCY DOCTOR LANZAROTE, S.L., sociedad inscrita en el Registro Mercantil de Lanzarote, Las Palmas, Tomo: 526, Folio 50, S 8, H IL 13124, I\/A 1 (3.05. 22), con CIF B10548857 y domicilio social en La Rosa 39,35500, Costa Teguise (LAS PALMAS). Tambi\u00e9n puede contactar con nosotros a trav\u00e9s del n\u00famero de tel\u00e9fono 633608165) o a trav\u00e9s de la siguiente direcci\u00f3n de correo electr\u00f3nico: doctor@emergencydoctorlanzarote.com. Propiedad Intelectual e Industrial El dise\u00f1o de este sitio web y sus c\u00f3digos fuente, as\u00ed como los logotipos, marcas y dem\u00e1s signos distintivos que aparecen en el mismo pertenecen a EMERGENCY DOCTOR LANZAROTE, S.L. y est\u00e1n protegidos por los correspondientes derechos de propiedad intelectual e industrial. Responsabilidad de los contenidos URGENCIA DOCTOR LANZAROTE, S.L. no se hace responsable de la legalidad de otros sitios web de terceros desde los que se pueda acceder a este sitio web. M\u00c9DICO DE URGENCIAS LANZAROTE, S.L. ni se hace responsable de la legalidad de otros sitios web de terceros, que puedan estar enlazados o enlazados desde este sitio web. M\u00c9DICO DE URGENCIAS LANZAROTE, S.L. se reserva el derecho de realizar cambios en el sitio web sin previo aviso, con el fin de mantener actualizada su informaci\u00f3n, a\u00f1adiendo, modificando, corrigiendo o eliminando el contenido publicado o el dise\u00f1o del portal. M\u00c9DICO DE URGENCIAS LANZAROTE, S.L. no ser\u00e1 responsable del uso que terceros hagan de la informaci\u00f3n publicada en el portal, ni de los da\u00f1os sufridos o p\u00e9rdidas econ\u00f3micas que, directa o indirectamente, produzcan o puedan causar da\u00f1os econ\u00f3micos, materiales o en los datos, causados \u200b\u200bpor el uso de tales informaci\u00f3n. Reproducci\u00f3n de contenidos Queda prohibida la reproducci\u00f3n total o parcial de los contenidos publicados en este sitio web sin la autorizaci\u00f3n previa y por escrito de EMERGENCY DOCTOR LANZAROTE, S.L.. Toda la informaci\u00f3n relacionada con la privacidad se puede encontrar en nuestra <a href=\"https:\/\/www.adelopd.com\/privacidad\/emergency-doctor-lanzarote\">Pol\u00edtica de privacidad<\/a>.<\/p>\n<\/div>\n<p>&nbsp;<\/p>\n<h3 id=\"1922097649\" class=\"u_1922097649 dmNewParagraph\" data-inject=\"impressum-paragraphTitle4\" data-element-type=\"paragraph\">Tax identification number: B10548857<\/h3>\n<div id=\"1239912859\" class=\"u_1239912859 dmNewParagraph\" data-inject=\"impressum-paragraphText2\">\n<p>Phone <a href=\"tel:+34928097711\">928097711<\/a><\/p>\n<div>Email: <a href=\"mailto:info@emergencydoctorlanzarote.com\">info@emergencydoctorlanzarote.com<\/a><\/div>\n<\/div>\n<p>&nbsp;<\/p>\n<h3 id=\"1428066521\" class=\"u_1428066521 dmNewParagraph\" data-inject=\"impressum-paragraphTitle3\" data-element-type=\"paragraph\">Record<\/h3>\n<div id=\"1610766886\" class=\"u_1610766886 dmNewParagraph\" data-inject=\"impressum-paragraphText3\">Registration number: 22053093<\/div>\n<div data-inject=\"impressum-paragraphText3\">\u00a0<\/div>\n\n<p>&nbsp;<\/p>\n<p>[\/vc_column_text][\/vc_column][\/vc_row]<\/p>","protected":false},"excerpt":{"rendered":"<p>[vc_row][vc_column][vc_column_text] Obligatorio: Denominaci\u00f3n social: Emergenciadoctorlanzarote S.L.U.Nombre y apellido: Dr. Eraldo D\u00edaz Paulovich Direcci\u00f3n: Calle La Rosa 39. Costa Teguise. Lanzarote. El responsable de esta p\u00e1gina web es: EMERGENCY DOCTOR LANZAROTE, S.L., sociedad inscrita en el Registro Mercantil de Lanzarote, Las Palmas, Tomo: 526, Folio 50, S 8, H IL 13124, I\/A 1 (3.05. 22), con CIF B10548857 y domicilio social en La Rosa 39,35500, Costa Teguise (LAS PALMAS). Tambi\u00e9n puede contactar con nosotros a trav\u00e9s del n\u00famero de tel\u00e9fono 633608165) o a trav\u00e9s de la siguiente direcci\u00f3n de correo electr\u00f3nico: doctor@emergencydoctorlanzarote.com. Propiedad Intelectual e Industrial El dise\u00f1o de este sitio web y sus c\u00f3digos fuente, as\u00ed como los logotipos, marcas y dem\u00e1s signos distintivos que aparecen en el mismo pertenecen a EMERGENCY DOCTOR LANZAROTE, S.L. y est\u00e1n protegidos por los correspondientes derechos de propiedad intelectual e industrial. Responsabilidad de los contenidos URGENCIA DOCTOR LANZAROTE, S.L. no se hace responsable de la legalidad de otros sitios web de terceros desde los que se pueda acceder a este sitio web. M\u00c9DICO DE URGENCIAS LANZAROTE, S.L. ni se hace responsable de la legalidad de otros sitios web de terceros, que puedan estar enlazados o enlazados desde este sitio web. M\u00c9DICO DE URGENCIAS LANZAROTE, S.L. se reserva el derecho de realizar cambios en el sitio web sin previo aviso, con el fin de mantener actualizada su informaci\u00f3n, a\u00f1adiendo, modificando, corrigiendo o eliminando el contenido publicado o el dise\u00f1o del portal. M\u00c9DICO DE URGENCIAS LANZAROTE, S.L. no ser\u00e1 responsable del uso que terceros hagan de la informaci\u00f3n publicada en el portal, ni de los da\u00f1os sufridos o p\u00e9rdidas econ\u00f3micas que, directa o indirectamente, produzcan o puedan causar da\u00f1os econ\u00f3micos, materiales o en los datos, causados \u200b\u200bpor el uso de tales informaci\u00f3n. Reproducci\u00f3n de contenidos Queda prohibida la reproducci\u00f3n total o parcial de los contenidos publicados en este sitio web sin la autorizaci\u00f3n previa y por escrito de EMERGENCY DOCTOR LANZAROTE, S.L.. Toda la informaci\u00f3n relacionada con la privacidad se puede encontrar en nuestra Pol\u00edtica de privacidad. &nbsp; N\u00famero de identificaci\u00f3n fiscal: B10548857 Tel\u00e9fono 928097711 Email: info@emergencydoctorlanzarote.com &nbsp; Registro: N\u00famero de registro: 22053093 \u00a0 &nbsp; [\/vc_column_text][\/vc_column][\/vc_row]<\/p>","protected":false},"author":1,"featured_media":0,"parent":0,"menu_order":0,"comment_status":"closed","ping_status":"closed","template":"","meta":{"site-sidebar-layout":"no-sidebar","site-content-layout":"plain-container","ast-site-content-layout":"","site-content-style":"default","site-sidebar-style":"default","ast-global-header-display":"","ast-banner-title-visibility":"","ast-main-header-display":"","ast-hfb-above-header-display":"","ast-hfb-below-header-display":"","ast-hfb-mobile-header-display":"","site-post-title":"disabled","ast-breadcrumbs-content":"","ast-featured-img":"disabled","footer-sml-layout":"","theme-transparent-header-meta":"","adv-header-id-meta":"","stick-header-meta":"","header-above-stick-meta":"","header-main-stick-meta":"","header-below-stick-meta":"","astra-migrate-meta-layouts":"default","ast-page-background-enabled":"default","ast-page-background-meta":{"desktop":{"background-color":"","background-image":"","background-repeat":"repeat","background-position":"center center","background-size":"auto","background-attachment":"scroll","background-type":"","background-media":"","overlay-type":"","overlay-color":"","overlay-opacity":"","overlay-gradient":""},"tablet":{"background-color":"","background-image":"","background-repeat":"repeat","background-position":"center center","background-size":"auto","background-attachment":"scroll","background-type":"","background-media":"","overlay-type":"","overlay-color":"","overlay-opacity":"","overlay-gradient":""},"mobile":{"background-color":"","background-image":"","background-repeat":"repeat","background-position":"center center","background-size":"auto","background-attachment":"scroll","background-type":"","background-media":"","overlay-type":"","overlay-color":"","overlay-opacity":"","overlay-gradient":""}},"ast-content-background-meta":{"desktop":{"background-color":"var(--ast-global-color-5)","background-image":"","background-repeat":"repeat","background-position":"center center","background-size":"auto","background-attachment":"scroll","background-type":"","background-media":"","overlay-type":"","overlay-color":"","overlay-opacity":"","overlay-gradient":""},"tablet":{"background-color":"var(--ast-global-color-5)","background-image":"","background-repeat":"repeat","background-position":"center center","background-size":"auto","background-attachment":"scroll","background-type":"","background-media":"","overlay-type":"","overlay-color":"","overlay-opacity":"","overlay-gradient":""},"mobile":{"background-color":"var(--ast-global-color-5)","background-image":"","background-repeat":"repeat","background-position":"center center","background-size":"auto","background-attachment":"scroll","background-type":"","background-media":"","overlay-type":"","overlay-color":"","overlay-opacity":"","overlay-gradient":""}},"footnotes":""},"class_list":["post-3253","page","type-page","status-publish","hentry"],"yoast_head":"<!-- This site is optimized with the Yoast SEO plugin v24.7 - https:\/\/yoast.com\/wordpress\/plugins\/seo\/ -->\n<title>AVISO LEGAL - EMERGENCY DOCTOR LANZAROTE S.L.U.<\/title>\n<meta name=\"robots\" content=\"index, follow, max-snippet:-1, max-image-preview:large, max-video-preview:-1\" \/>\n<link rel=\"canonical\" href=\"https:\/\/emergencydoctorarzt.com\/en\/aviso-legal-old\/\" \/>\n<meta property=\"og:locale\" content=\"en_US\" \/>\n<meta property=\"og:type\" content=\"article\" \/>\n<meta property=\"og:title\" content=\"AVISO LEGAL - EMERGENCY DOCTOR LANZAROTE S.L.U.\" \/>\n<meta property=\"og:description\" content=\"[vc_row][vc_column][vc_column_text] Obligatorio: Denominaci\u00f3n social: Emergenciadoctorlanzarote S.L.U.Nombre y apellido: Dr. Eraldo D\u00edaz Paulovich Direcci\u00f3n: Calle La Rosa 39. Costa Teguise. Lanzarote. El responsable de esta p\u00e1gina web es: EMERGENCY DOCTOR LANZAROTE, S.L., sociedad inscrita en el Registro Mercantil de Lanzarote, Las Palmas, Tomo: 526, Folio 50, S 8, H IL 13124, I\/A 1 (3.05. 22), con CIF B10548857 y domicilio social en La Rosa 39,35500, Costa Teguise (LAS PALMAS). Tambi\u00e9n puede contactar con nosotros a trav\u00e9s del n\u00famero de tel\u00e9fono 633608165) o a trav\u00e9s de la siguiente direcci\u00f3n de correo electr\u00f3nico: doctor@emergencydoctorlanzarote.com. Propiedad Intelectual e Industrial El dise\u00f1o de este sitio web y sus c\u00f3digos fuente, as\u00ed como los logotipos, marcas y dem\u00e1s signos distintivos que aparecen en el mismo pertenecen a EMERGENCY DOCTOR LANZAROTE, S.L. y est\u00e1n protegidos por los correspondientes derechos de propiedad intelectual e industrial. Responsabilidad de los contenidos URGENCIA DOCTOR LANZAROTE, S.L. no se hace responsable de la legalidad de otros sitios web de terceros desde los que se pueda acceder a este sitio web. M\u00c9DICO DE URGENCIAS LANZAROTE, S.L. ni se hace responsable de la legalidad de otros sitios web de terceros, que puedan estar enlazados o enlazados desde este sitio web. M\u00c9DICO DE URGENCIAS LANZAROTE, S.L. se reserva el derecho de realizar cambios en el sitio web sin previo aviso, con el fin de mantener actualizada su informaci\u00f3n, a\u00f1adiendo, modificando, corrigiendo o eliminando el contenido publicado o el dise\u00f1o del portal. M\u00c9DICO DE URGENCIAS LANZAROTE, S.L. no ser\u00e1 responsable del uso que terceros hagan de la informaci\u00f3n publicada en el portal, ni de los da\u00f1os sufridos o p\u00e9rdidas econ\u00f3micas que, directa o indirectamente, produzcan o puedan causar da\u00f1os econ\u00f3micos, materiales o en los datos, causados \u200b\u200bpor el uso de tales informaci\u00f3n. Reproducci\u00f3n de contenidos Queda prohibida la reproducci\u00f3n total o parcial de los contenidos publicados en este sitio web sin la autorizaci\u00f3n previa y por escrito de EMERGENCY DOCTOR LANZAROTE, S.L.. Toda la informaci\u00f3n relacionada con la privacidad se puede encontrar en nuestra Pol\u00edtica de privacidad. &nbsp; N\u00famero de identificaci\u00f3n fiscal: B10548857 Tel\u00e9fono 928097711 Email: info@emergencydoctorlanzarote.com &nbsp; Registro: N\u00famero de registro: 22053093 \u00a0 &nbsp; [\/vc_column_text][\/vc_column][\/vc_row]\" \/>\n<meta property=\"og:url\" content=\"https:\/\/emergencydoctorarzt.com\/en\/aviso-legal-old\/\" \/>\n<meta property=\"og:site_name\" content=\"EMERGENCY DOCTOR LANZAROTE S.L.U.\" \/>\n<meta property=\"article:modified_time\" content=\"2025-04-18T19:14:43+00:00\" \/>\n<meta property=\"og:image\" content=\"https:\/\/emergencydoctorarzt.com\/wp-content\/uploads\/2023\/03\/logo.png\" \/>\n\t<meta property=\"og:image:width\" content=\"1052\" \/>\n\t<meta property=\"og:image:height\" content=\"328\" \/>\n\t<meta property=\"og:image:type\" content=\"image\/png\" \/>\n<meta name=\"twitter:card\" content=\"summary_large_image\" \/>\n<meta name=\"twitter:label1\" content=\"Est. reading time\" \/>\n\t<meta name=\"twitter:data1\" content=\"2 minutes\" \/>\n<script type=\"application\/ld+json\" class=\"yoast-schema-graph\">{\"@context\":\"https:\/\/schema.org\",\"@graph\":[{\"@type\":\"WebPage\",\"@id\":\"https:\/\/emergencydoctorarzt.com\/aviso-legal-old\/\",\"url\":\"https:\/\/emergencydoctorarzt.com\/aviso-legal-old\/\",\"name\":\"AVISO LEGAL - EMERGENCY DOCTOR LANZAROTE S.L.U.\",\"isPartOf\":{\"@id\":\"https:\/\/emergencydoctorarzt.com\/#website\"},\"datePublished\":\"2024-03-27T18:22:09+00:00\",\"dateModified\":\"2025-04-18T19:14:43+00:00\",\"breadcrumb\":{\"@id\":\"https:\/\/emergencydoctorarzt.com\/aviso-legal-old\/#breadcrumb\"},\"inLanguage\":\"en-US\",\"potentialAction\":[{\"@type\":\"ReadAction\",\"target\":[\"https:\/\/emergencydoctorarzt.com\/aviso-legal-old\/\"]}]},{\"@type\":\"BreadcrumbList\",\"@id\":\"https:\/\/emergencydoctorarzt.com\/aviso-legal-old\/#breadcrumb\",\"itemListElement\":[{\"@type\":\"ListItem\",\"position\":1,\"name\":\"Portada\",\"item\":\"https:\/\/emergencydoctorarzt.com\/\"},{\"@type\":\"ListItem\",\"position\":2,\"name\":\"AVISO LEGAL\"}]},{\"@type\":\"WebSite\",\"@id\":\"https:\/\/emergencydoctorarzt.com\/#website\",\"url\":\"https:\/\/emergencydoctorarzt.com\/\",\"name\":\"Emergency Doctor Lanzarote\",\"description\":\"\",\"publisher\":{\"@id\":\"https:\/\/emergencydoctorarzt.com\/#organization\"},\"potentialAction\":[{\"@type\":\"SearchAction\",\"target\":{\"@type\":\"EntryPoint\",\"urlTemplate\":\"https:\/\/emergencydoctorarzt.com\/?s={search_term_string}\"},\"query-input\":{\"@type\":\"PropertyValueSpecification\",\"valueRequired\":true,\"valueName\":\"search_term_string\"}}],\"inLanguage\":\"en-US\"},{\"@type\":\"Organization\",\"@id\":\"https:\/\/emergencydoctorarzt.com\/#organization\",\"name\":\"Emergency Doctor Lanzarote S.L.U.\",\"url\":\"https:\/\/emergencydoctorarzt.com\/\",\"logo\":{\"@type\":\"ImageObject\",\"inLanguage\":\"en-US\",\"@id\":\"https:\/\/emergencydoctorarzt.com\/#\/schema\/logo\/image\/\",\"url\":\"https:\/\/emergencydoctorarzt.comwp-content\/uploads\/2023\/03\/logo-2.png\",\"contentUrl\":\"https:\/\/emergencydoctorarzt.comwp-content\/uploads\/2023\/03\/logo-2.png\",\"width\":409,\"height\":469,\"caption\":\"Emergency Doctor Lanzarote S.L.U.\"},\"image\":{\"@id\":\"https:\/\/emergencydoctorarzt.com\/#\/schema\/logo\/image\/\"}}]}<\/script>\n<!-- \/ Yoast SEO plugin. -->","yoast_head_json":{"title":"AVISO LEGAL - EMERGENCY DOCTOR LANZAROTE S.L.U.","robots":{"index":"index","follow":"follow","max-snippet":"max-snippet:-1","max-image-preview":"max-image-preview:large","max-video-preview":"max-video-preview:-1"},"canonical":"https:\/\/emergencydoctorarzt.com\/en\/aviso-legal-old\/","og_locale":"en_US","og_type":"article","og_title":"AVISO LEGAL - EMERGENCY DOCTOR LANZAROTE S.L.U.","og_description":"[vc_row][vc_column][vc_column_text] Obligatorio: Denominaci\u00f3n social: Emergenciadoctorlanzarote S.L.U.Nombre y apellido: Dr. Eraldo D\u00edaz Paulovich Direcci\u00f3n: Calle La Rosa 39. Costa Teguise. Lanzarote. El responsable de esta p\u00e1gina web es: EMERGENCY DOCTOR LANZAROTE, S.L., sociedad inscrita en el Registro Mercantil de Lanzarote, Las Palmas, Tomo: 526, Folio 50, S 8, H IL 13124, I\/A 1 (3.05. 22), con CIF B10548857 y domicilio social en La Rosa 39,35500, Costa Teguise (LAS PALMAS). Tambi\u00e9n puede contactar con nosotros a trav\u00e9s del n\u00famero de tel\u00e9fono 633608165) o a trav\u00e9s de la siguiente direcci\u00f3n de correo electr\u00f3nico: doctor@emergencydoctorlanzarote.com. Propiedad Intelectual e Industrial El dise\u00f1o de este sitio web y sus c\u00f3digos fuente, as\u00ed como los logotipos, marcas y dem\u00e1s signos distintivos que aparecen en el mismo pertenecen a EMERGENCY DOCTOR LANZAROTE, S.L. y est\u00e1n protegidos por los correspondientes derechos de propiedad intelectual e industrial. Responsabilidad de los contenidos URGENCIA DOCTOR LANZAROTE, S.L. no se hace responsable de la legalidad de otros sitios web de terceros desde los que se pueda acceder a este sitio web. M\u00c9DICO DE URGENCIAS LANZAROTE, S.L. ni se hace responsable de la legalidad de otros sitios web de terceros, que puedan estar enlazados o enlazados desde este sitio web. M\u00c9DICO DE URGENCIAS LANZAROTE, S.L. se reserva el derecho de realizar cambios en el sitio web sin previo aviso, con el fin de mantener actualizada su informaci\u00f3n, a\u00f1adiendo, modificando, corrigiendo o eliminando el contenido publicado o el dise\u00f1o del portal. M\u00c9DICO DE URGENCIAS LANZAROTE, S.L. no ser\u00e1 responsable del uso que terceros hagan de la informaci\u00f3n publicada en el portal, ni de los da\u00f1os sufridos o p\u00e9rdidas econ\u00f3micas que, directa o indirectamente, produzcan o puedan causar da\u00f1os econ\u00f3micos, materiales o en los datos, causados \u200b\u200bpor el uso de tales informaci\u00f3n. Reproducci\u00f3n de contenidos Queda prohibida la reproducci\u00f3n total o parcial de los contenidos publicados en este sitio web sin la autorizaci\u00f3n previa y por escrito de EMERGENCY DOCTOR LANZAROTE, S.L.. Toda la informaci\u00f3n relacionada con la privacidad se puede encontrar en nuestra Pol\u00edtica de privacidad. &nbsp; N\u00famero de identificaci\u00f3n fiscal: B10548857 Tel\u00e9fono 928097711 Email: info@emergencydoctorlanzarote.com &nbsp; Registro: N\u00famero de registro: 22053093 \u00a0 &nbsp; [\/vc_column_text][\/vc_column][\/vc_row]","og_url":"https:\/\/emergencydoctorarzt.com\/en\/aviso-legal-old\/","og_site_name":"EMERGENCY DOCTOR LANZAROTE S.L.U.","article_modified_time":"2025-04-18T19:14:43+00:00","og_image":[{"width":1052,"height":328,"url":"https:\/\/emergencydoctorarzt.com\/wp-content\/uploads\/2023\/03\/logo.png","type":"image\/png"}],"twitter_card":"summary_large_image","twitter_misc":{"Est. reading time":"2 minutes"},"schema":{"@context":"https:\/\/schema.org","@graph":[{"@type":"WebPage","@id":"https:\/\/emergencydoctorarzt.com\/aviso-legal-old\/","url":"https:\/\/emergencydoctorarzt.com\/aviso-legal-old\/","name":"AVISO LEGAL - EMERGENCY DOCTOR LANZAROTE S.L.U.","isPartOf":{"@id":"https:\/\/emergencydoctorarzt.com\/#website"},"datePublished":"2024-03-27T18:22:09+00:00","dateModified":"2025-04-18T19:14:43+00:00","breadcrumb":{"@id":"https:\/\/emergencydoctorarzt.com\/aviso-legal-old\/#breadcrumb"},"inLanguage":"en-US","potentialAction":[{"@type":"ReadAction","target":["https:\/\/emergencydoctorarzt.com\/aviso-legal-old\/"]}]},{"@type":"BreadcrumbList","@id":"https:\/\/emergencydoctorarzt.com\/aviso-legal-old\/#breadcrumb","itemListElement":[{"@type":"ListItem","position":1,"name":"Portada","item":"https:\/\/emergencydoctorarzt.com\/"},{"@type":"ListItem","position":2,"name":"AVISO LEGAL"}]},{"@type":"WebSite","@id":"https:\/\/emergencydoctorarzt.com\/#website","url":"https:\/\/emergencydoctorarzt.com\/","name":"Emergency Doctor Lanzarote","description":"","publisher":{"@id":"https:\/\/emergencydoctorarzt.com\/#organization"},"potentialAction":[{"@type":"SearchAction","target":{"@type":"EntryPoint","urlTemplate":"https:\/\/emergencydoctorarzt.com\/?s={search_term_string}"},"query-input":{"@type":"PropertyValueSpecification","valueRequired":true,"valueName":"search_term_string"}}],"inLanguage":"en-US"},{"@type":"Organization","@id":"https:\/\/emergencydoctorarzt.com\/#organization","name":"Emergency Doctor Lanzarote S.L.U.","url":"https:\/\/emergencydoctorarzt.com\/","logo":{"@type":"ImageObject","inLanguage":"en-US","@id":"https:\/\/emergencydoctorarzt.com\/#\/schema\/logo\/image\/","url":"https:\/\/emergencydoctorarzt.comwp-content\/uploads\/2023\/03\/logo-2.png","contentUrl":"https:\/\/emergencydoctorarzt.comwp-content\/uploads\/2023\/03\/logo-2.png","width":409,"height":469,"caption":"Emergency Doctor Lanzarote S.L.U."},"image":{"@id":"https:\/\/emergencydoctorarzt.com\/#\/schema\/logo\/image\/"}}]}},"_links":{"self":[{"href":"https:\/\/emergencydoctorarzt.com\/en\/wp-json\/wp\/v2\/pages\/3253","targetHints":{"allow":["GET"]}}],"collection":[{"href":"https:\/\/emergencydoctorarzt.com\/en\/wp-json\/wp\/v2\/pages"}],"about":[{"href":"https:\/\/emergencydoctorarzt.com\/en\/wp-json\/wp\/v2\/types\/page"}],"author":[{"embeddable":true,"href":"https:\/\/emergencydoctorarzt.com\/en\/wp-json\/wp\/v2\/users\/1"}],"replies":[{"embeddable":true,"href":"https:\/\/emergencydoctorarzt.com\/en\/wp-json\/wp\/v2\/comments?post=3253"}],"version-history":[{"count":2,"href":"https:\/\/emergencydoctorarzt.com\/en\/wp-json\/wp\/v2\/pages\/3253\/revisions"}],"predecessor-version":[{"id":3255,"href":"https:\/\/emergencydoctorarzt.com\/en\/wp-json\/wp\/v2\/pages\/3253\/revisions\/3255"}],"wp:attachment":[{"href":"https:\/\/emergencydoctorarzt.com\/en\/wp-json\/wp\/v2\/media?parent=3253"}],"curies":[{"name":"wp","href":"https:\/\/api.w.org\/{rel}","templated":true}]}}