{"id":3256,"date":"2024-03-27T18:27:51","date_gmt":"2024-03-27T18:27:51","guid":{"rendered":"https:\/\/emergencydoctorlanzarote.com\/?page_id=3256"},"modified":"2025-04-17T18:39:50","modified_gmt":"2025-04-17T18:39:50","slug":"servicios-medicos-old","status":"publish","type":"page","link":"https:\/\/emergencydoctorarzt.com\/en\/servicios-medicos-old\/","title":{"rendered":"Servicios M\u00e9dicos"},"content":{"rendered":"<p>[vc_row][vc_column width=\u00bb1\/3&#8243;][dt_sc_iconbox type=\u00bbtype2&#8243; icon_type=\u00bbfontawesome\u00bb icon=\u00bbfas fa-briefcase-medical\u00bb title=\u00bbServicios Medicos\u00bb]<\/p>\n<div dir=\"ltr\">\n<p>&nbsp;<\/p>\n<ul>\n<li>Pruebas de laboratorio<\/li>\n<li>Visitas a domicilio u hotel 24\/7<\/li>\n<li>Minor Surgery<\/li>\n<li>Emergencias m\u00e9dicas 24 horas<\/li>\n<li>Electrocardiogramas (EKG) en nuestras cl\u00ednicas o en su domicilio\/hotel<\/li>\n<li>Ultrasonido 4D en nuestras cl\u00ednicas o en tu domicilio\/hotel<\/li>\n<li>Pruebas Covid 19 (certificados oficiales y c\u00f3digos QR)<\/li>\n<li>Fit-to-Fly Certificates<\/li>\n<li>PADI Diving Certificates<\/li>\n<li>Official Medical Certificates<\/li>\n<\/ul>\n<\/div>\n<p>[\/dt_sc_iconbox][\/vc_column][vc_column width=\u00bb1\/3&#8243;][dt_sc_iconbox type=\u00bbtype2&#8243; icon_type=\u00bbfontawesome\u00bb icon=\u00bbfas fa-user-md\u00bb title=\u00bbPruebas\u00bb]<\/p>\n<h3 style=\"text-align: center;\"><strong>(No se necesita cita previa)<\/strong><\/h3>\n<p>&nbsp;<\/p>\n<ul>\n<li class=\"text-align-center\">Pruebas de Covid 19<\/li>\n<li class=\"text-align-center\">Pruebas de gripe<\/li>\n<li class=\"text-align-center\">Pruebas de embarazo<\/li>\n<li class=\"text-align-center\">Prueba de estreptococos<\/li>\n<li class=\"text-align-center\">Pruebas de combur (infecci\u00f3n de orina)<\/li>\n<li>Pruebas INR<\/li>\n<\/ul>\n<p class=\"text-align-center\" style=\"text-align: center;\"><strong>Resultados inmediatos, diagn\u00f3stico y tratamiento.<\/strong><\/p>\n<p>[\/dt_sc_iconbox][\/vc_column][vc_column width=\u00bb1\/3&#8243;][dt_sc_iconbox type=\u00bbtype2&#8243; icon_type=\u00bbfontawesome\u00bb icon=\u00bbfas fa-ambulance\u00bb title=\u00bbEMERGENCIAS MEDICAS 24\/7&#8243;]<span style=\"color: #ffffff;\">&#8211;<\/span><\/p>\n<ul class=\"defaultList\">\n<li class=\"text-align-center\">Servicios de emergencia m\u00e9dica disponibles las 24 horas del d\u00eda.<\/li>\n<li class=\"text-align-center\">ECG y ultrasonido de emergencia<\/li>\n<li class=\"text-align-center\">Pruebas de laboratorio<\/li>\n<li class=\"text-align-center\">Visitas a su domicilio\/hotel<\/li>\n<\/ul>\n<p>[\/dt_sc_iconbox][\/vc_column][\/vc_row]<\/p>","protected":false},"excerpt":{"rendered":"<p>[vc_row][vc_column width=\u00bb1\/3&#8243;][dt_sc_iconbox type=\u00bbtype2&#8243; icon_type=\u00bbfontawesome\u00bb icon=\u00bbfas fa-briefcase-medical\u00bb title=\u00bbServicios Medicos\u00bb] &nbsp; Pruebas de laboratorio Visitas a domicilio u hotel 24\/7 Cirug\u00eda menor Emergencias m\u00e9dicas 24 horas Electrocardiogramas (EKG) en nuestras cl\u00ednicas o en su domicilio\/hotel Ultrasonido 4D en nuestras cl\u00ednicas o en tu domicilio\/hotel Pruebas Covid 19 (certificados oficiales y c\u00f3digos QR) Certificados de aptitud para volar Certificados de buceo PADI Certificados m\u00e9dicos oficiales [\/dt_sc_iconbox][\/vc_column][vc_column width=\u00bb1\/3&#8243;][dt_sc_iconbox type=\u00bbtype2&#8243; icon_type=\u00bbfontawesome\u00bb icon=\u00bbfas fa-user-md\u00bb title=\u00bbPruebas\u00bb] (No se necesita cita previa) &nbsp; Pruebas de Covid 19 Pruebas de gripe Pruebas de embarazo Prueba de estreptococos Pruebas de combur (infecci\u00f3n de orina) Pruebas INR Resultados inmediatos, diagn\u00f3stico y tratamiento. [\/dt_sc_iconbox][\/vc_column][vc_column width=\u00bb1\/3&#8243;][dt_sc_iconbox type=\u00bbtype2&#8243; icon_type=\u00bbfontawesome\u00bb icon=\u00bbfas fa-ambulance\u00bb title=\u00bbEMERGENCIAS MEDICAS 24\/7&#8243;]&#8211; Servicios de emergencia m\u00e9dica disponibles las 24 horas del d\u00eda. ECG y ultrasonido de emergencia Pruebas de laboratorio Visitas a su domicilio\/hotel [\/dt_sc_iconbox][\/vc_column][\/vc_row]<\/p>","protected":false},"author":1,"featured_media":0,"parent":0,"menu_order":0,"comment_status":"closed","ping_status":"closed","template":"","meta":{"site-sidebar-layout":"no-sidebar","site-content-layout":"plain-container","ast-site-content-layout":"normal-width-container","site-content-style":"unboxed","site-sidebar-style":"unboxed","ast-global-header-display":"","ast-banner-title-visibility":"","ast-main-header-display":"","ast-hfb-above-header-display":"","ast-hfb-below-header-display":"","ast-hfb-mobile-header-display":"","site-post-title":"disabled","ast-breadcrumbs-content":"","ast-featured-img":"disabled","footer-sml-layout":"","theme-transparent-header-meta":"default","adv-header-id-meta":"","stick-header-meta":"","header-above-stick-meta":"","header-main-stick-meta":"","header-below-stick-meta":"","astra-migrate-meta-layouts":"set","ast-page-background-enabled":"default","ast-page-background-meta":{"desktop":{"background-color":"","background-image":"","background-repeat":"repeat","background-position":"center center","background-size":"auto","background-attachment":"scroll","background-type":"","background-media":"","overlay-type":"","overlay-color":"","overlay-opacity":"","overlay-gradient":""},"tablet":{"background-color":"","background-image":"","background-repeat":"repeat","background-position":"center center","background-size":"auto","background-attachment":"scroll","background-type":"","background-media":"","overlay-type":"","overlay-color":"","overlay-opacity":"","overlay-gradient":""},"mobile":{"background-color":"","background-image":"","background-repeat":"repeat","background-position":"center center","background-size":"auto","background-attachment":"scroll","background-type":"","background-media":"","overlay-type":"","overlay-color":"","overlay-opacity":"","overlay-gradient":""}},"ast-content-background-meta":{"desktop":{"background-color":"var(--ast-global-color-5)","background-image":"","background-repeat":"repeat","background-position":"center center","background-size":"auto","background-attachment":"scroll","background-type":"","background-media":"","overlay-type":"","overlay-color":"","overlay-opacity":"","overlay-gradient":""},"tablet":{"background-color":"var(--ast-global-color-5)","background-image":"","background-repeat":"repeat","background-position":"center center","background-size":"auto","background-attachment":"scroll","background-type":"","background-media":"","overlay-type":"","overlay-color":"","overlay-opacity":"","overlay-gradient":""},"mobile":{"background-color":"var(--ast-global-color-5)","background-image":"","background-repeat":"repeat","background-position":"center center","background-size":"auto","background-attachment":"scroll","background-type":"","background-media":"","overlay-type":"","overlay-color":"","overlay-opacity":"","overlay-gradient":""}},"footnotes":""},"class_list":["post-3256","page","type-page","status-publish","hentry"],"yoast_head":"<!-- This site is optimized with the Yoast SEO plugin v24.7 - https:\/\/yoast.com\/wordpress\/plugins\/seo\/ -->\n<title>Servicios M\u00e9dicos - EMERGENCY DOCTOR LANZAROTE S.L.U.<\/title>\n<meta name=\"robots\" content=\"index, follow, max-snippet:-1, max-image-preview:large, max-video-preview:-1\" \/>\n<link rel=\"canonical\" href=\"https:\/\/emergencydoctorarzt.com\/en\/servicios-medicos-old\/\" \/>\n<meta property=\"og:locale\" content=\"en_US\" \/>\n<meta property=\"og:type\" content=\"article\" \/>\n<meta property=\"og:title\" content=\"Servicios M\u00e9dicos - EMERGENCY DOCTOR LANZAROTE S.L.U.\" \/>\n<meta property=\"og:description\" content=\"[vc_row][vc_column width=\u00bb1\/3&#8243;][dt_sc_iconbox type=\u00bbtype2&#8243; icon_type=\u00bbfontawesome\u00bb icon=\u00bbfas fa-briefcase-medical\u00bb title=\u00bbServicios Medicos\u00bb] &nbsp; Pruebas de laboratorio Visitas a domicilio u hotel 24\/7 Cirug\u00eda menor Emergencias m\u00e9dicas 24 horas Electrocardiogramas (EKG) en nuestras cl\u00ednicas o en su domicilio\/hotel Ultrasonido 4D en nuestras cl\u00ednicas o en tu domicilio\/hotel Pruebas Covid 19 (certificados oficiales y c\u00f3digos QR) Certificados de aptitud para volar Certificados de buceo PADI Certificados m\u00e9dicos oficiales [\/dt_sc_iconbox][\/vc_column][vc_column width=\u00bb1\/3&#8243;][dt_sc_iconbox type=\u00bbtype2&#8243; icon_type=\u00bbfontawesome\u00bb icon=\u00bbfas fa-user-md\u00bb title=\u00bbPruebas\u00bb] (No se necesita cita previa) &nbsp; Pruebas de Covid 19 Pruebas de gripe Pruebas de embarazo Prueba de estreptococos Pruebas de combur (infecci\u00f3n de orina) Pruebas INR Resultados inmediatos, diagn\u00f3stico y tratamiento. [\/dt_sc_iconbox][\/vc_column][vc_column width=\u00bb1\/3&#8243;][dt_sc_iconbox type=\u00bbtype2&#8243; icon_type=\u00bbfontawesome\u00bb icon=\u00bbfas fa-ambulance\u00bb title=\u00bbEMERGENCIAS MEDICAS 24\/7&#8243;]&#8211; Servicios de emergencia m\u00e9dica disponibles las 24 horas del d\u00eda. ECG y ultrasonido de emergencia Pruebas de laboratorio Visitas a su domicilio\/hotel [\/dt_sc_iconbox][\/vc_column][\/vc_row]\" \/>\n<meta property=\"og:url\" content=\"https:\/\/emergencydoctorarzt.com\/en\/servicios-medicos-old\/\" \/>\n<meta property=\"og:site_name\" content=\"EMERGENCY DOCTOR LANZAROTE S.L.U.\" \/>\n<meta property=\"article:modified_time\" content=\"2025-04-17T18:39:50+00:00\" \/>\n<meta property=\"og:image\" content=\"https:\/\/emergencydoctorarzt.com\/wp-content\/uploads\/2023\/03\/logo.png\" \/>\n\t<meta property=\"og:image:width\" content=\"1052\" \/>\n\t<meta property=\"og:image:height\" content=\"328\" \/>\n\t<meta property=\"og:image:type\" content=\"image\/png\" \/>\n<meta name=\"twitter:card\" content=\"summary_large_image\" \/>\n<meta name=\"twitter:label1\" content=\"Est. reading time\" \/>\n\t<meta name=\"twitter:data1\" content=\"1 minute\" \/>\n<script type=\"application\/ld+json\" class=\"yoast-schema-graph\">{\"@context\":\"https:\/\/schema.org\",\"@graph\":[{\"@type\":\"WebPage\",\"@id\":\"https:\/\/emergencydoctorarzt.com\/servicios-medicos-old\/\",\"url\":\"https:\/\/emergencydoctorarzt.com\/servicios-medicos-old\/\",\"name\":\"Servicios M\u00e9dicos - EMERGENCY DOCTOR LANZAROTE S.L.U.\",\"isPartOf\":{\"@id\":\"https:\/\/emergencydoctorarzt.com\/#website\"},\"datePublished\":\"2024-03-27T18:27:51+00:00\",\"dateModified\":\"2025-04-17T18:39:50+00:00\",\"breadcrumb\":{\"@id\":\"https:\/\/emergencydoctorarzt.com\/servicios-medicos-old\/#breadcrumb\"},\"inLanguage\":\"en-US\",\"potentialAction\":[{\"@type\":\"ReadAction\",\"target\":[\"https:\/\/emergencydoctorarzt.com\/servicios-medicos-old\/\"]}]},{\"@type\":\"BreadcrumbList\",\"@id\":\"https:\/\/emergencydoctorarzt.com\/servicios-medicos-old\/#breadcrumb\",\"itemListElement\":[{\"@type\":\"ListItem\",\"position\":1,\"name\":\"Portada\",\"item\":\"https:\/\/emergencydoctorarzt.com\/\"},{\"@type\":\"ListItem\",\"position\":2,\"name\":\"Servicios M\u00e9dicos\"}]},{\"@type\":\"WebSite\",\"@id\":\"https:\/\/emergencydoctorarzt.com\/#website\",\"url\":\"https:\/\/emergencydoctorarzt.com\/\",\"name\":\"Emergency Doctor Lanzarote\",\"description\":\"\",\"publisher\":{\"@id\":\"https:\/\/emergencydoctorarzt.com\/#organization\"},\"potentialAction\":[{\"@type\":\"SearchAction\",\"target\":{\"@type\":\"EntryPoint\",\"urlTemplate\":\"https:\/\/emergencydoctorarzt.com\/?s={search_term_string}\"},\"query-input\":{\"@type\":\"PropertyValueSpecification\",\"valueRequired\":true,\"valueName\":\"search_term_string\"}}],\"inLanguage\":\"en-US\"},{\"@type\":\"Organization\",\"@id\":\"https:\/\/emergencydoctorarzt.com\/#organization\",\"name\":\"Emergency Doctor Lanzarote S.L.U.\",\"url\":\"https:\/\/emergencydoctorarzt.com\/\",\"logo\":{\"@type\":\"ImageObject\",\"inLanguage\":\"en-US\",\"@id\":\"https:\/\/emergencydoctorarzt.com\/#\/schema\/logo\/image\/\",\"url\":\"https:\/\/emergencydoctorarzt.comwp-content\/uploads\/2023\/03\/logo-2.png\",\"contentUrl\":\"https:\/\/emergencydoctorarzt.comwp-content\/uploads\/2023\/03\/logo-2.png\",\"width\":409,\"height\":469,\"caption\":\"Emergency Doctor Lanzarote S.L.U.\"},\"image\":{\"@id\":\"https:\/\/emergencydoctorarzt.com\/#\/schema\/logo\/image\/\"}}]}<\/script>\n<!-- \/ Yoast SEO plugin. -->","yoast_head_json":{"title":"Servicios M\u00e9dicos - EMERGENCY DOCTOR LANZAROTE S.L.U.","robots":{"index":"index","follow":"follow","max-snippet":"max-snippet:-1","max-image-preview":"max-image-preview:large","max-video-preview":"max-video-preview:-1"},"canonical":"https:\/\/emergencydoctorarzt.com\/en\/servicios-medicos-old\/","og_locale":"en_US","og_type":"article","og_title":"Servicios M\u00e9dicos - EMERGENCY DOCTOR LANZAROTE S.L.U.","og_description":"[vc_row][vc_column width=\u00bb1\/3&#8243;][dt_sc_iconbox type=\u00bbtype2&#8243; icon_type=\u00bbfontawesome\u00bb icon=\u00bbfas fa-briefcase-medical\u00bb title=\u00bbServicios Medicos\u00bb] &nbsp; Pruebas de laboratorio Visitas a domicilio u hotel 24\/7 Cirug\u00eda menor Emergencias m\u00e9dicas 24 horas Electrocardiogramas (EKG) en nuestras cl\u00ednicas o en su domicilio\/hotel Ultrasonido 4D en nuestras cl\u00ednicas o en tu domicilio\/hotel Pruebas Covid 19 (certificados oficiales y c\u00f3digos QR) Certificados de aptitud para volar Certificados de buceo PADI Certificados m\u00e9dicos oficiales [\/dt_sc_iconbox][\/vc_column][vc_column width=\u00bb1\/3&#8243;][dt_sc_iconbox type=\u00bbtype2&#8243; icon_type=\u00bbfontawesome\u00bb icon=\u00bbfas fa-user-md\u00bb title=\u00bbPruebas\u00bb] (No se necesita cita previa) &nbsp; Pruebas de Covid 19 Pruebas de gripe Pruebas de embarazo Prueba de estreptococos Pruebas de combur (infecci\u00f3n de orina) Pruebas INR Resultados inmediatos, diagn\u00f3stico y tratamiento. [\/dt_sc_iconbox][\/vc_column][vc_column width=\u00bb1\/3&#8243;][dt_sc_iconbox type=\u00bbtype2&#8243; icon_type=\u00bbfontawesome\u00bb icon=\u00bbfas fa-ambulance\u00bb title=\u00bbEMERGENCIAS MEDICAS 24\/7&#8243;]&#8211; Servicios de emergencia m\u00e9dica disponibles las 24 horas del d\u00eda. ECG y ultrasonido de emergencia Pruebas de laboratorio Visitas a su domicilio\/hotel [\/dt_sc_iconbox][\/vc_column][\/vc_row]","og_url":"https:\/\/emergencydoctorarzt.com\/en\/servicios-medicos-old\/","og_site_name":"EMERGENCY DOCTOR LANZAROTE S.L.U.","article_modified_time":"2025-04-17T18:39:50+00:00","og_image":[{"width":1052,"height":328,"url":"https:\/\/emergencydoctorarzt.com\/wp-content\/uploads\/2023\/03\/logo.png","type":"image\/png"}],"twitter_card":"summary_large_image","twitter_misc":{"Est. reading time":"1 minute"},"schema":{"@context":"https:\/\/schema.org","@graph":[{"@type":"WebPage","@id":"https:\/\/emergencydoctorarzt.com\/servicios-medicos-old\/","url":"https:\/\/emergencydoctorarzt.com\/servicios-medicos-old\/","name":"Servicios M\u00e9dicos - EMERGENCY DOCTOR LANZAROTE S.L.U.","isPartOf":{"@id":"https:\/\/emergencydoctorarzt.com\/#website"},"datePublished":"2024-03-27T18:27:51+00:00","dateModified":"2025-04-17T18:39:50+00:00","breadcrumb":{"@id":"https:\/\/emergencydoctorarzt.com\/servicios-medicos-old\/#breadcrumb"},"inLanguage":"en-US","potentialAction":[{"@type":"ReadAction","target":["https:\/\/emergencydoctorarzt.com\/servicios-medicos-old\/"]}]},{"@type":"BreadcrumbList","@id":"https:\/\/emergencydoctorarzt.com\/servicios-medicos-old\/#breadcrumb","itemListElement":[{"@type":"ListItem","position":1,"name":"Portada","item":"https:\/\/emergencydoctorarzt.com\/"},{"@type":"ListItem","position":2,"name":"Servicios M\u00e9dicos"}]},{"@type":"WebSite","@id":"https:\/\/emergencydoctorarzt.com\/#website","url":"https:\/\/emergencydoctorarzt.com\/","name":"Emergency Doctor Lanzarote","description":"","publisher":{"@id":"https:\/\/emergencydoctorarzt.com\/#organization"},"potentialAction":[{"@type":"SearchAction","target":{"@type":"EntryPoint","urlTemplate":"https:\/\/emergencydoctorarzt.com\/?s={search_term_string}"},"query-input":{"@type":"PropertyValueSpecification","valueRequired":true,"valueName":"search_term_string"}}],"inLanguage":"en-US"},{"@type":"Organization","@id":"https:\/\/emergencydoctorarzt.com\/#organization","name":"Emergency Doctor Lanzarote S.L.U.","url":"https:\/\/emergencydoctorarzt.com\/","logo":{"@type":"ImageObject","inLanguage":"en-US","@id":"https:\/\/emergencydoctorarzt.com\/#\/schema\/logo\/image\/","url":"https:\/\/emergencydoctorarzt.comwp-content\/uploads\/2023\/03\/logo-2.png","contentUrl":"https:\/\/emergencydoctorarzt.comwp-content\/uploads\/2023\/03\/logo-2.png","width":409,"height":469,"caption":"Emergency Doctor Lanzarote S.L.U."},"image":{"@id":"https:\/\/emergencydoctorarzt.com\/#\/schema\/logo\/image\/"}}]}},"_links":{"self":[{"href":"https:\/\/emergencydoctorarzt.com\/en\/wp-json\/wp\/v2\/pages\/3256","targetHints":{"allow":["GET"]}}],"collection":[{"href":"https:\/\/emergencydoctorarzt.com\/en\/wp-json\/wp\/v2\/pages"}],"about":[{"href":"https:\/\/emergencydoctorarzt.com\/en\/wp-json\/wp\/v2\/types\/page"}],"author":[{"embeddable":true,"href":"https:\/\/emergencydoctorarzt.com\/en\/wp-json\/wp\/v2\/users\/1"}],"replies":[{"embeddable":true,"href":"https:\/\/emergencydoctorarzt.com\/en\/wp-json\/wp\/v2\/comments?post=3256"}],"version-history":[{"count":3,"href":"https:\/\/emergencydoctorarzt.com\/en\/wp-json\/wp\/v2\/pages\/3256\/revisions"}],"predecessor-version":[{"id":3371,"href":"https:\/\/emergencydoctorarzt.com\/en\/wp-json\/wp\/v2\/pages\/3256\/revisions\/3371"}],"wp:attachment":[{"href":"https:\/\/emergencydoctorarzt.com\/en\/wp-json\/wp\/v2\/media?parent=3256"}],"curies":[{"name":"wp","href":"https:\/\/api.w.org\/{rel}","templated":true}]}}