{"id":4627,"date":"2025-04-24T19:07:45","date_gmt":"2025-04-24T19:07:45","guid":{"rendered":"https:\/\/emergencydoctorarzt.com\/?page_id=4627"},"modified":"2025-04-29T11:02:29","modified_gmt":"2025-04-29T11:02:29","slug":"aviso-legal","status":"publish","type":"page","link":"https:\/\/emergencydoctorarzt.com\/en\/aviso-legal\/","title":{"rendered":"LEGAL WARNING"},"content":{"rendered":"<div data-elementor-type=\"wp-page\" data-elementor-id=\"4627\" class=\"elementor elementor-4627\">\n\t\t\t\t<div class=\"elementor-element elementor-element-dc6a8c6 e-flex e-con-boxed wpr-particle-no wpr-jarallax-no wpr-parallax-no wpr-sticky-section-no e-con e-parent\" data-id=\"dc6a8c6\" data-element_type=\"container\" data-settings=\"{&quot;background_background&quot;:&quot;classic&quot;}\">\n\t\t\t\t\t<div class=\"e-con-inner\">\n\t\t<div class=\"elementor-element elementor-element-53cfcb4 e-con-full e-flex wpr-particle-no wpr-jarallax-no wpr-parallax-no wpr-sticky-section-no e-con e-child\" data-id=\"53cfcb4\" data-element_type=\"container\">\n\t\t\t\t<div class=\"elementor-element elementor-element-2bbb0b4 elementor-widget elementor-widget-heading\" data-id=\"2bbb0b4\" data-element_type=\"widget\" data-widget_type=\"heading.default\">\n\t\t\t\t<div class=\"elementor-widget-container\">\n\t\t\t\t\t<h1 class=\"elementor-heading-title elementor-size-default\">Aviso legal<\/h1>\t\t\t\t<\/div>\n\t\t\t\t<\/div>\n\t\t\t\t<\/div>\n\t\t\t\t\t<\/div>\n\t\t\t\t<\/div>\n\t\t<div class=\"elementor-element elementor-element-082f5e8 e-flex e-con-boxed wpr-particle-no wpr-jarallax-no wpr-parallax-no wpr-sticky-section-no e-con e-parent\" data-id=\"082f5e8\" data-element_type=\"container\">\n\t\t\t\t\t<div class=\"e-con-inner\">\n\t\t\t\t<div class=\"elementor-element elementor-element-7bbbb2b elementor-widget elementor-widget-text-editor\" data-id=\"7bbbb2b\" data-element_type=\"widget\" data-widget_type=\"text-editor.default\">\n\t\t\t\t<div class=\"elementor-widget-container\">\n\t\t\t\t\t\t\t\t\t<p>Company name: Emergencydoctorlanzarote S.L.U.<br \/>Name and surname: Dr. Eraldo Diaz Paulovich<br \/>Address: Calle La Rosa 39. Costa Teguise. Lanzarote.<\/p><p class=\"translation-block\">The person in charge of this web page is: EMERGENCY DOCTOR LANZAROTE, S.L., a company registered in the Mercantile Registry of Lanzarote, Las Palmas, Volume: 526, Folio 50, S 8, H IL 13124, I\/A 1 (3.05.22), with VAT number B10548857 and registered office at La Rosa 39,35500, Costa Teguise (LAS PALMAS). You can also contact us through the telephone number 633608165) or through the following e-mail address: doctor@emergencydoctorlanzarote.com. Intellectual and Industrial Property The design of this website and its source codes, as well as the logos, brands and other distinctive signs that appear on it belong to EMERGENCY DOCTOR LANZAROTE, S.L. and are protected by the corresponding intellectual and industrial property rights. Responsibility for the contents EMERGENCY DOCTOR LANZAROTE, S.L. is not responsible for the legality of other third-party websites from which this website can be accessed. EMERGENCY DOCTOR LANZAROTE, S.L. nor is it responsible for the legality of other third-party websites, which may be linked or linked from this website. EMERGENCY DOCTOR LANZAROTE, S.L. reserves the right to make changes to the website without prior notice, in order to keep your information updated, adding, modifying, correcting or deleting the published content or the design of the portal. EMERGENCY DOCTOR LANZAROTE, S.L. will not be responsible for the use that third parties make of the information published on the portal, nor for the damages suffered or economic losses that, directly or indirectly, produce or may cause economic, material or data damage, caused by the use of such information. Reproduction of contents The total or partial reproduction of the contents published on this website is prohibited without the prior written authorization of EMERGENCY DOCTOR LANZAROTE, S.L.. All the information related to privacy can be found in our <a href=\"https:\/\/www.adelopd.com\/privacidad\/emergency-doctor-lanzarote\" target=\"_blank\" rel=\"noopener\">Privacy Policy<\/a>.<\/p>\t\t\t\t\t\t\t\t<\/div>\n\t\t\t\t<\/div>\n\t\t\t\t<div class=\"elementor-element elementor-element-dcbff58 elementor-widget elementor-widget-heading\" data-id=\"dcbff58\" data-element_type=\"widget\" data-widget_type=\"heading.default\">\n\t\t\t\t<div class=\"elementor-widget-container\">\n\t\t\t\t\t<h2 class=\"elementor-heading-title elementor-size-default\">Tax identification number: B10548857<\/h2>\t\t\t\t<\/div>\n\t\t\t\t<\/div>\n\t\t\t\t<div class=\"elementor-element elementor-element-b16ded5 elementor-widget elementor-widget-text-editor\" data-id=\"b16ded5\" data-element_type=\"widget\" data-widget_type=\"text-editor.default\">\n\t\t\t\t<div class=\"elementor-widget-container\">\n\t\t\t\t\t\t\t\t\t<p>Telephone <a href=\"tel:+34928097711\">928097711<\/a><br \/>Email <a href=\"mailto:info@emergencydoctorlanzarote.com\">info@emergencydoctorlanzarote.com<\/a><\/p>\t\t\t\t\t\t\t\t<\/div>\n\t\t\t\t<\/div>\n\t\t\t\t<div class=\"elementor-element elementor-element-0d6d469 elementor-widget elementor-widget-heading\" data-id=\"0d6d469\" data-element_type=\"widget\" data-widget_type=\"heading.default\">\n\t\t\t\t<div class=\"elementor-widget-container\">\n\t\t\t\t\t<h2 class=\"elementor-heading-title elementor-size-default\">Record<\/h2>\t\t\t\t<\/div>\n\t\t\t\t<\/div>\n\t\t\t\t<div class=\"elementor-element elementor-element-5307c77 elementor-widget elementor-widget-text-editor\" data-id=\"5307c77\" data-element_type=\"widget\" data-widget_type=\"text-editor.default\">\n\t\t\t\t<div class=\"elementor-widget-container\">\n\t\t\t\t\t\t\t\t\t<p>Registration number: 22053093<\/p>\t\t\t\t\t\t\t\t<\/div>\n\t\t\t\t<\/div>\n\t\t\t\t\t<\/div>\n\t\t\t\t<\/div>\n\t\t\t\t<\/div>","protected":false},"excerpt":{"rendered":"<p>Aviso legal Nombre de la empresa: Emergencydoctorlanzarote S.L.U.Nombre y apellidos: Dr. Eraldo Diaz PaulovichDirecci\u00f3n: Calle La Rosa 39. Costa Teguise. Lanzarote. La persona responsable de esta p\u00e1gina web es: EMERGENCY DOCTOR LANZAROTE, S.L., una empresa registrada en el Registro Mercantil de Lanzarote, Las Palmas, Tomo: 526, Folio 50, S 8, H IL 13124, I\/A 1 (3.05.22), con el n\u00famero de IVA B10548857 y domicilio social en La Rosa 39, 35500, Costa Teguise (LAS PALMAS). Tambi\u00e9n puede contactarnos a trav\u00e9s del n\u00famero de tel\u00e9fono 633608165 o mediante la siguiente direcci\u00f3n de correo electr\u00f3nico: doctor@emergencydoctorlanzarote.com. Propiedad Intelectual e Industrial El dise\u00f1o de este sitio web y sus c\u00f3digos fuente, as\u00ed como los logotipos, marcas y otros signos distintivos que aparecen en el mismo pertenecen a EMERGENCY DOCTOR LANZAROTE, S.L. y est\u00e1n protegidos por los correspondientes derechos de propiedad intelectual e industrial. Responsabilidad por los contenidos EMERGENCY DOCTOR LANZAROTE, S.L. no se responsabiliza de la legalidad de otros sitios web de terceros desde los cuales se pueda acceder a este sitio web. EMERGENCY DOCTOR LANZAROTE, S.L. tampoco se hace responsable de la legalidad de otros sitios web de terceros que puedan estar vinculados o enlazados desde este sitio web. EMERGENCY DOCTOR LANZAROTE, S.L. se reserva el derecho de realizar modificaciones en el sitio web sin previo aviso, con el fin de mantener su informaci\u00f3n actualizada, a\u00f1adiendo, modificando, corrigiendo o eliminando el contenido publicado o el dise\u00f1o del portal. EMERGENCY DOCTOR LANZAROTE, S.L. no ser\u00e1 responsable del uso que terceros hagan de la informaci\u00f3n publicada en el portal, ni de los da\u00f1os sufridos o p\u00e9rdidas econ\u00f3micas que, directa o indirectamente, puedan producir o causar da\u00f1os econ\u00f3micos, materiales o de datos, causados por el uso de dicha informaci\u00f3n. Reproducci\u00f3n de contenidos Queda prohibida la reproducci\u00f3n total o parcial de los contenidos publicados en este sitio web sin la autorizaci\u00f3n previa por escrito de EMERGENCY DOCTOR LANZAROTE, S.L.. Toda la informaci\u00f3n relacionada con la privacidad puede encontrarse en nuestra Pol\u00edtica de Privacidad. N\u00famero de identificaci\u00f3n fiscal: B10548857 Tel\u00e9fono: 928097711Correo: info@emergencydoctorlanzarote.com Registro: N\u00famero de registro: 22053093<\/p>","protected":false},"author":1,"featured_media":0,"parent":0,"menu_order":0,"comment_status":"closed","ping_status":"closed","template":"","meta":{"site-sidebar-layout":"no-sidebar","site-content-layout":"page-builder","ast-site-content-layout":"full-width-container","site-content-style":"unboxed","site-sidebar-style":"unboxed","ast-global-header-display":"","ast-banner-title-visibility":"","ast-main-header-display":"","ast-hfb-above-header-display":"","ast-hfb-below-header-display":"","ast-hfb-mobile-header-display":"","site-post-title":"disabled","ast-breadcrumbs-content":"","ast-featured-img":"disabled","footer-sml-layout":"","theme-transparent-header-meta":"enabled","adv-header-id-meta":"","stick-header-meta":"","header-above-stick-meta":"","header-main-stick-meta":"","header-below-stick-meta":"","astra-migrate-meta-layouts":"set","ast-page-background-enabled":"default","ast-page-background-meta":{"desktop":{"background-color":"","background-image":"","background-repeat":"repeat","background-position":"center center","background-size":"auto","background-attachment":"scroll","background-type":"","background-media":"","overlay-type":"","overlay-color":"","overlay-opacity":"","overlay-gradient":""},"tablet":{"background-color":"","background-image":"","background-repeat":"repeat","background-position":"center center","background-size":"auto","background-attachment":"scroll","background-type":"","background-media":"","overlay-type":"","overlay-color":"","overlay-opacity":"","overlay-gradient":""},"mobile":{"background-color":"","background-image":"","background-repeat":"repeat","background-position":"center center","background-size":"auto","background-attachment":"scroll","background-type":"","background-media":"","overlay-type":"","overlay-color":"","overlay-opacity":"","overlay-gradient":""}},"ast-content-background-meta":{"desktop":{"background-color":"var(--ast-global-color-5)","background-image":"","background-repeat":"repeat","background-position":"center center","background-size":"auto","background-attachment":"scroll","background-type":"","background-media":"","overlay-type":"","overlay-color":"","overlay-opacity":"","overlay-gradient":""},"tablet":{"background-color":"var(--ast-global-color-5)","background-image":"","background-repeat":"repeat","background-position":"center center","background-size":"auto","background-attachment":"scroll","background-type":"","background-media":"","overlay-type":"","overlay-color":"","overlay-opacity":"","overlay-gradient":""},"mobile":{"background-color":"var(--ast-global-color-5)","background-image":"","background-repeat":"repeat","background-position":"center center","background-size":"auto","background-attachment":"scroll","background-type":"","background-media":"","overlay-type":"","overlay-color":"","overlay-opacity":"","overlay-gradient":""}},"footnotes":""},"class_list":["post-4627","page","type-page","status-publish","hentry"],"yoast_head":"<!-- This site is optimized with the Yoast SEO plugin v24.7 - https:\/\/yoast.com\/wordpress\/plugins\/seo\/ -->\n<title>AVISO LEGAL - EMERGENCY DOCTOR LANZAROTE S.L.U.<\/title>\n<meta name=\"robots\" content=\"index, follow, max-snippet:-1, max-image-preview:large, max-video-preview:-1\" \/>\n<link rel=\"canonical\" href=\"https:\/\/emergencydoctorarzt.com\/en\/aviso-legal\/\" \/>\n<meta property=\"og:locale\" content=\"en_US\" \/>\n<meta property=\"og:type\" content=\"article\" \/>\n<meta property=\"og:title\" content=\"AVISO LEGAL - EMERGENCY DOCTOR LANZAROTE S.L.U.\" \/>\n<meta property=\"og:description\" content=\"Aviso legal Nombre de la empresa: Emergencydoctorlanzarote S.L.U.Nombre y apellidos: Dr. Eraldo Diaz PaulovichDirecci\u00f3n: Calle La Rosa 39. Costa Teguise. Lanzarote. La persona responsable de esta p\u00e1gina web es: EMERGENCY DOCTOR LANZAROTE, S.L., una empresa registrada en el Registro Mercantil de Lanzarote, Las Palmas, Tomo: 526, Folio 50, S 8, H IL 13124, I\/A 1 (3.05.22), con el n\u00famero de IVA B10548857 y domicilio social en La Rosa 39, 35500, Costa Teguise (LAS PALMAS). Tambi\u00e9n puede contactarnos a trav\u00e9s del n\u00famero de tel\u00e9fono 633608165 o mediante la siguiente direcci\u00f3n de correo electr\u00f3nico: doctor@emergencydoctorlanzarote.com. Propiedad Intelectual e Industrial El dise\u00f1o de este sitio web y sus c\u00f3digos fuente, as\u00ed como los logotipos, marcas y otros signos distintivos que aparecen en el mismo pertenecen a EMERGENCY DOCTOR LANZAROTE, S.L. y est\u00e1n protegidos por los correspondientes derechos de propiedad intelectual e industrial. Responsabilidad por los contenidos EMERGENCY DOCTOR LANZAROTE, S.L. no se responsabiliza de la legalidad de otros sitios web de terceros desde los cuales se pueda acceder a este sitio web. EMERGENCY DOCTOR LANZAROTE, S.L. tampoco se hace responsable de la legalidad de otros sitios web de terceros que puedan estar vinculados o enlazados desde este sitio web. EMERGENCY DOCTOR LANZAROTE, S.L. se reserva el derecho de realizar modificaciones en el sitio web sin previo aviso, con el fin de mantener su informaci\u00f3n actualizada, a\u00f1adiendo, modificando, corrigiendo o eliminando el contenido publicado o el dise\u00f1o del portal. EMERGENCY DOCTOR LANZAROTE, S.L. no ser\u00e1 responsable del uso que terceros hagan de la informaci\u00f3n publicada en el portal, ni de los da\u00f1os sufridos o p\u00e9rdidas econ\u00f3micas que, directa o indirectamente, puedan producir o causar da\u00f1os econ\u00f3micos, materiales o de datos, causados por el uso de dicha informaci\u00f3n. Reproducci\u00f3n de contenidos Queda prohibida la reproducci\u00f3n total o parcial de los contenidos publicados en este sitio web sin la autorizaci\u00f3n previa por escrito de EMERGENCY DOCTOR LANZAROTE, S.L.. Toda la informaci\u00f3n relacionada con la privacidad puede encontrarse en nuestra Pol\u00edtica de Privacidad. N\u00famero de identificaci\u00f3n fiscal: B10548857 Tel\u00e9fono: 928097711Correo: info@emergencydoctorlanzarote.com Registro: N\u00famero de registro: 22053093\" \/>\n<meta property=\"og:url\" content=\"https:\/\/emergencydoctorarzt.com\/en\/aviso-legal\/\" \/>\n<meta property=\"og:site_name\" content=\"EMERGENCY DOCTOR LANZAROTE S.L.U.\" \/>\n<meta property=\"article:modified_time\" content=\"2025-04-29T11:02:29+00:00\" \/>\n<meta property=\"og:image\" content=\"https:\/\/emergencydoctorarzt.com\/wp-content\/uploads\/2023\/03\/logo.png\" \/>\n\t<meta property=\"og:image:width\" content=\"1052\" \/>\n\t<meta property=\"og:image:height\" content=\"328\" \/>\n\t<meta property=\"og:image:type\" content=\"image\/png\" \/>\n<meta name=\"twitter:card\" content=\"summary_large_image\" \/>\n<meta name=\"twitter:label1\" content=\"Est. reading time\" \/>\n\t<meta name=\"twitter:data1\" content=\"2 minutes\" \/>\n<script type=\"application\/ld+json\" class=\"yoast-schema-graph\">{\"@context\":\"https:\/\/schema.org\",\"@graph\":[{\"@type\":\"WebPage\",\"@id\":\"https:\/\/emergencydoctorarzt.com\/aviso-legal\/\",\"url\":\"https:\/\/emergencydoctorarzt.com\/aviso-legal\/\",\"name\":\"AVISO LEGAL - EMERGENCY DOCTOR LANZAROTE S.L.U.\",\"isPartOf\":{\"@id\":\"https:\/\/emergencydoctorarzt.com\/#website\"},\"datePublished\":\"2025-04-24T19:07:45+00:00\",\"dateModified\":\"2025-04-29T11:02:29+00:00\",\"breadcrumb\":{\"@id\":\"https:\/\/emergencydoctorarzt.com\/aviso-legal\/#breadcrumb\"},\"inLanguage\":\"en-US\",\"potentialAction\":[{\"@type\":\"ReadAction\",\"target\":[\"https:\/\/emergencydoctorarzt.com\/aviso-legal\/\"]}]},{\"@type\":\"BreadcrumbList\",\"@id\":\"https:\/\/emergencydoctorarzt.com\/aviso-legal\/#breadcrumb\",\"itemListElement\":[{\"@type\":\"ListItem\",\"position\":1,\"name\":\"Portada\",\"item\":\"https:\/\/emergencydoctorarzt.com\/\"},{\"@type\":\"ListItem\",\"position\":2,\"name\":\"AVISO LEGAL\"}]},{\"@type\":\"WebSite\",\"@id\":\"https:\/\/emergencydoctorarzt.com\/#website\",\"url\":\"https:\/\/emergencydoctorarzt.com\/\",\"name\":\"Emergency Doctor Lanzarote\",\"description\":\"\",\"publisher\":{\"@id\":\"https:\/\/emergencydoctorarzt.com\/#organization\"},\"potentialAction\":[{\"@type\":\"SearchAction\",\"target\":{\"@type\":\"EntryPoint\",\"urlTemplate\":\"https:\/\/emergencydoctorarzt.com\/?s={search_term_string}\"},\"query-input\":{\"@type\":\"PropertyValueSpecification\",\"valueRequired\":true,\"valueName\":\"search_term_string\"}}],\"inLanguage\":\"en-US\"},{\"@type\":\"Organization\",\"@id\":\"https:\/\/emergencydoctorarzt.com\/#organization\",\"name\":\"Emergency Doctor Lanzarote S.L.U.\",\"url\":\"https:\/\/emergencydoctorarzt.com\/\",\"logo\":{\"@type\":\"ImageObject\",\"inLanguage\":\"en-US\",\"@id\":\"https:\/\/emergencydoctorarzt.com\/#\/schema\/logo\/image\/\",\"url\":\"https:\/\/emergencydoctorarzt.comwp-content\/uploads\/2023\/03\/logo-2.png\",\"contentUrl\":\"https:\/\/emergencydoctorarzt.comwp-content\/uploads\/2023\/03\/logo-2.png\",\"width\":409,\"height\":469,\"caption\":\"Emergency Doctor Lanzarote S.L.U.\"},\"image\":{\"@id\":\"https:\/\/emergencydoctorarzt.com\/#\/schema\/logo\/image\/\"}}]}<\/script>\n<!-- \/ Yoast SEO plugin. -->","yoast_head_json":{"title":"AVISO LEGAL - EMERGENCY DOCTOR LANZAROTE S.L.U.","robots":{"index":"index","follow":"follow","max-snippet":"max-snippet:-1","max-image-preview":"max-image-preview:large","max-video-preview":"max-video-preview:-1"},"canonical":"https:\/\/emergencydoctorarzt.com\/en\/aviso-legal\/","og_locale":"en_US","og_type":"article","og_title":"AVISO LEGAL - EMERGENCY DOCTOR LANZAROTE S.L.U.","og_description":"Aviso legal Nombre de la empresa: Emergencydoctorlanzarote S.L.U.Nombre y apellidos: Dr. Eraldo Diaz PaulovichDirecci\u00f3n: Calle La Rosa 39. Costa Teguise. Lanzarote. La persona responsable de esta p\u00e1gina web es: EMERGENCY DOCTOR LANZAROTE, S.L., una empresa registrada en el Registro Mercantil de Lanzarote, Las Palmas, Tomo: 526, Folio 50, S 8, H IL 13124, I\/A 1 (3.05.22), con el n\u00famero de IVA B10548857 y domicilio social en La Rosa 39, 35500, Costa Teguise (LAS PALMAS). Tambi\u00e9n puede contactarnos a trav\u00e9s del n\u00famero de tel\u00e9fono 633608165 o mediante la siguiente direcci\u00f3n de correo electr\u00f3nico: doctor@emergencydoctorlanzarote.com. Propiedad Intelectual e Industrial El dise\u00f1o de este sitio web y sus c\u00f3digos fuente, as\u00ed como los logotipos, marcas y otros signos distintivos que aparecen en el mismo pertenecen a EMERGENCY DOCTOR LANZAROTE, S.L. y est\u00e1n protegidos por los correspondientes derechos de propiedad intelectual e industrial. Responsabilidad por los contenidos EMERGENCY DOCTOR LANZAROTE, S.L. no se responsabiliza de la legalidad de otros sitios web de terceros desde los cuales se pueda acceder a este sitio web. EMERGENCY DOCTOR LANZAROTE, S.L. tampoco se hace responsable de la legalidad de otros sitios web de terceros que puedan estar vinculados o enlazados desde este sitio web. EMERGENCY DOCTOR LANZAROTE, S.L. se reserva el derecho de realizar modificaciones en el sitio web sin previo aviso, con el fin de mantener su informaci\u00f3n actualizada, a\u00f1adiendo, modificando, corrigiendo o eliminando el contenido publicado o el dise\u00f1o del portal. EMERGENCY DOCTOR LANZAROTE, S.L. no ser\u00e1 responsable del uso que terceros hagan de la informaci\u00f3n publicada en el portal, ni de los da\u00f1os sufridos o p\u00e9rdidas econ\u00f3micas que, directa o indirectamente, puedan producir o causar da\u00f1os econ\u00f3micos, materiales o de datos, causados por el uso de dicha informaci\u00f3n. Reproducci\u00f3n de contenidos Queda prohibida la reproducci\u00f3n total o parcial de los contenidos publicados en este sitio web sin la autorizaci\u00f3n previa por escrito de EMERGENCY DOCTOR LANZAROTE, S.L.. Toda la informaci\u00f3n relacionada con la privacidad puede encontrarse en nuestra Pol\u00edtica de Privacidad. N\u00famero de identificaci\u00f3n fiscal: B10548857 Tel\u00e9fono: 928097711Correo: info@emergencydoctorlanzarote.com Registro: N\u00famero de registro: 22053093","og_url":"https:\/\/emergencydoctorarzt.com\/en\/aviso-legal\/","og_site_name":"EMERGENCY DOCTOR LANZAROTE S.L.U.","article_modified_time":"2025-04-29T11:02:29+00:00","og_image":[{"width":1052,"height":328,"url":"https:\/\/emergencydoctorarzt.com\/wp-content\/uploads\/2023\/03\/logo.png","type":"image\/png"}],"twitter_card":"summary_large_image","twitter_misc":{"Est. reading time":"2 minutes"},"schema":{"@context":"https:\/\/schema.org","@graph":[{"@type":"WebPage","@id":"https:\/\/emergencydoctorarzt.com\/aviso-legal\/","url":"https:\/\/emergencydoctorarzt.com\/aviso-legal\/","name":"AVISO LEGAL - EMERGENCY DOCTOR LANZAROTE S.L.U.","isPartOf":{"@id":"https:\/\/emergencydoctorarzt.com\/#website"},"datePublished":"2025-04-24T19:07:45+00:00","dateModified":"2025-04-29T11:02:29+00:00","breadcrumb":{"@id":"https:\/\/emergencydoctorarzt.com\/aviso-legal\/#breadcrumb"},"inLanguage":"en-US","potentialAction":[{"@type":"ReadAction","target":["https:\/\/emergencydoctorarzt.com\/aviso-legal\/"]}]},{"@type":"BreadcrumbList","@id":"https:\/\/emergencydoctorarzt.com\/aviso-legal\/#breadcrumb","itemListElement":[{"@type":"ListItem","position":1,"name":"Portada","item":"https:\/\/emergencydoctorarzt.com\/"},{"@type":"ListItem","position":2,"name":"AVISO LEGAL"}]},{"@type":"WebSite","@id":"https:\/\/emergencydoctorarzt.com\/#website","url":"https:\/\/emergencydoctorarzt.com\/","name":"Emergency Doctor Lanzarote","description":"","publisher":{"@id":"https:\/\/emergencydoctorarzt.com\/#organization"},"potentialAction":[{"@type":"SearchAction","target":{"@type":"EntryPoint","urlTemplate":"https:\/\/emergencydoctorarzt.com\/?s={search_term_string}"},"query-input":{"@type":"PropertyValueSpecification","valueRequired":true,"valueName":"search_term_string"}}],"inLanguage":"en-US"},{"@type":"Organization","@id":"https:\/\/emergencydoctorarzt.com\/#organization","name":"Emergency Doctor Lanzarote S.L.U.","url":"https:\/\/emergencydoctorarzt.com\/","logo":{"@type":"ImageObject","inLanguage":"en-US","@id":"https:\/\/emergencydoctorarzt.com\/#\/schema\/logo\/image\/","url":"https:\/\/emergencydoctorarzt.comwp-content\/uploads\/2023\/03\/logo-2.png","contentUrl":"https:\/\/emergencydoctorarzt.comwp-content\/uploads\/2023\/03\/logo-2.png","width":409,"height":469,"caption":"Emergency Doctor Lanzarote S.L.U."},"image":{"@id":"https:\/\/emergencydoctorarzt.com\/#\/schema\/logo\/image\/"}}]}},"_links":{"self":[{"href":"https:\/\/emergencydoctorarzt.com\/en\/wp-json\/wp\/v2\/pages\/4627","targetHints":{"allow":["GET"]}}],"collection":[{"href":"https:\/\/emergencydoctorarzt.com\/en\/wp-json\/wp\/v2\/pages"}],"about":[{"href":"https:\/\/emergencydoctorarzt.com\/en\/wp-json\/wp\/v2\/types\/page"}],"author":[{"embeddable":true,"href":"https:\/\/emergencydoctorarzt.com\/en\/wp-json\/wp\/v2\/users\/1"}],"replies":[{"embeddable":true,"href":"https:\/\/emergencydoctorarzt.com\/en\/wp-json\/wp\/v2\/comments?post=4627"}],"version-history":[{"count":7,"href":"https:\/\/emergencydoctorarzt.com\/en\/wp-json\/wp\/v2\/pages\/4627\/revisions"}],"predecessor-version":[{"id":4668,"href":"https:\/\/emergencydoctorarzt.com\/en\/wp-json\/wp\/v2\/pages\/4627\/revisions\/4668"}],"wp:attachment":[{"href":"https:\/\/emergencydoctorarzt.com\/en\/wp-json\/wp\/v2\/media?parent=4627"}],"curies":[{"name":"wp","href":"https:\/\/api.w.org\/{rel}","templated":true}]}}