{"id":60,"date":"2019-12-15T06:52:34","date_gmt":"2019-12-15T06:52:34","guid":{"rendered":"https:\/\/jupiterx.artbees.net\/lab\/?page_id=60"},"modified":"2019-12-15T06:52:34","modified_gmt":"2019-12-15T06:52:34","slug":"nosotros","status":"publish","type":"page","link":"https:\/\/emergencydoctorarzt.com\/en\/nosotros\/","title":{"rendered":"Nosotros"},"content":{"rendered":"<div data-elementor-type=\"wp-page\" data-elementor-id=\"60\" class=\"elementor elementor-60\">\n\t\t\t\t\t\t<section class=\"elementor-section elementor-top-section elementor-element elementor-element-2ee1aee elementor-section-boxed elementor-section-height-default elementor-section-height-default wpr-particle-no wpr-jarallax-no wpr-parallax-no wpr-sticky-section-no\" data-id=\"2ee1aee\" data-element_type=\"section\" data-settings=\"{&quot;background_background&quot;:&quot;classic&quot;}\">\n\t\t\t\t\t\t<div class=\"elementor-container elementor-column-gap-no\">\n\t\t\t\t\t<div class=\"elementor-column elementor-col-100 elementor-top-column elementor-element elementor-element-6b6d86b\" data-id=\"6b6d86b\" data-element_type=\"column\">\n\t\t\t<div class=\"elementor-widget-wrap elementor-element-populated\">\n\t\t\t\t\t\t<div class=\"elementor-element elementor-element-4d3a536 elementor-widget elementor-widget-heading\" data-id=\"4d3a536\" data-element_type=\"widget\" data-widget_type=\"heading.default\">\n\t\t\t\t<div class=\"elementor-widget-container\">\n\t\t\t\t\t<h1 class=\"elementor-heading-title elementor-size-default\">Nosotros<\/h1>\t\t\t\t<\/div>\n\t\t\t\t<\/div>\n\t\t\t\t\t<\/div>\n\t\t<\/div>\n\t\t\t\t\t<\/div>\n\t\t<\/section>\n\t\t<div class=\"elementor-element elementor-element-986cefb e-flex e-con-boxed wpr-particle-no wpr-jarallax-no wpr-parallax-no wpr-sticky-section-no e-con e-parent\" data-id=\"986cefb\" data-element_type=\"container\">\n\t\t\t\t\t<div class=\"e-con-inner\">\n\t\t<div class=\"elementor-element elementor-element-7ff95ee e-con-full e-flex wpr-particle-no wpr-jarallax-no wpr-parallax-no wpr-sticky-section-no e-con e-child\" data-id=\"7ff95ee\" data-element_type=\"container\">\n\t\t\t\t<div class=\"elementor-element elementor-element-337b67a elementor-widget elementor-widget-heading\" data-id=\"337b67a\" data-element_type=\"widget\" data-widget_type=\"heading.default\">\n\t\t\t\t<div class=\"elementor-widget-container\">\n\t\t\t\t\t<h2 class=\"elementor-heading-title elementor-size-default\">El laboratorio<\/h2>\t\t\t\t<\/div>\n\t\t\t\t<\/div>\n\t\t\t\t<div class=\"elementor-element elementor-element-8bb6bce elementor-widget elementor-widget-text-editor\" data-id=\"8bb6bce\" data-element_type=\"widget\" data-widget_type=\"text-editor.default\">\n\t\t\t\t<div class=\"elementor-widget-container\">\n\t\t\t\t\t\t\t\t\t<p>Actualmente somos el laboratorio con mayor experiencia en Lanzarote. Estamos comprometidos con cada uno de nuestros pacientes y nuestro principal objetivos es ofrecer un servicio integral donde nuestros pacientes puedan llevar a cabo las pruebas necesarias y ser asesorados por nuestros especialistas m\u00e9dicos.<\/p>\t\t\t\t\t\t\t\t<\/div>\n\t\t\t\t<\/div>\n\t\t\t\t<\/div>\n\t\t\t\t\t<\/div>\n\t\t\t\t<\/div>\n\t\t<div class=\"elementor-element elementor-element-7b8f034 e-flex e-con-boxed wpr-particle-no wpr-jarallax-no wpr-parallax-no wpr-sticky-section-no e-con e-parent\" data-id=\"7b8f034\" data-element_type=\"container\">\n\t\t\t\t\t<div class=\"e-con-inner\">\n\t\t<div class=\"elementor-element elementor-element-65c43d9 e-con-full e-flex wpr-particle-no wpr-jarallax-no wpr-parallax-no wpr-sticky-section-no e-con e-child\" data-id=\"65c43d9\" data-element_type=\"container\" data-settings=\"{&quot;background_background&quot;:&quot;classic&quot;}\">\n\t\t\t\t<\/div>\n\t\t<div class=\"elementor-element elementor-element-a45c478 e-con-full e-flex wpr-particle-no wpr-jarallax-no wpr-parallax-no wpr-sticky-section-no e-con e-child\" data-id=\"a45c478\" data-element_type=\"container\" data-settings=\"{&quot;background_background&quot;:&quot;classic&quot;}\">\n\t\t<div class=\"elementor-element elementor-element-29936bf e-con-full e-flex wpr-particle-no wpr-jarallax-no wpr-parallax-no wpr-sticky-section-no e-con e-child\" data-id=\"29936bf\" data-element_type=\"container\">\n\t\t\t\t<div class=\"elementor-element elementor-element-1fd08a7 elementor-widget elementor-widget-heading\" data-id=\"1fd08a7\" data-element_type=\"widget\" data-widget_type=\"heading.default\">\n\t\t\t\t<div class=\"elementor-widget-container\">\n\t\t\t\t\t<h2 class=\"elementor-heading-title elementor-size-default\">Historia<\/h2>\t\t\t\t<\/div>\n\t\t\t\t<\/div>\n\t\t\t\t<div class=\"elementor-element elementor-element-5ffa8b6 elementor-widget elementor-widget-text-editor\" data-id=\"5ffa8b6\" data-element_type=\"widget\" data-widget_type=\"text-editor.default\">\n\t\t\t\t<div class=\"elementor-widget-container\">\n\t\t\t\t\t\t\t\t\t<p>El Doctor Francisco Sicilia Guill\u00e9n abre su primer laboratorio en 1985, posteriormente renovado y convertido en la Cl\u00ednica JMD. Actualmente es el laboratorio de mayor antig\u00fcedad en Lanzarote, y la cl\u00ednica se consolida d\u00eda a d\u00eda a trav\u00e9s del desarrollo de sus an\u00e1lisis cl\u00ednicos y sus servicios m\u00e9dicos, con el objetivo de dar una respuesta eficaz y la mejor calidad a sus pacientes.<\/p>\t\t\t\t\t\t\t\t<\/div>\n\t\t\t\t<\/div>\n\t\t\t\t<\/div>\n\t\t\t\t<\/div>\n\t\t\t\t\t<\/div>\n\t\t\t\t<\/div>\n\t\t<div class=\"elementor-element elementor-element-4ad1e40 e-flex e-con-boxed wpr-particle-no wpr-jarallax-no wpr-parallax-no wpr-sticky-section-no e-con e-parent\" data-id=\"4ad1e40\" data-element_type=\"container\">\n\t\t\t\t\t<div class=\"e-con-inner\">\n\t\t<div class=\"elementor-element elementor-element-8634d4f e-con-full e-flex wpr-particle-no wpr-jarallax-no wpr-parallax-no wpr-sticky-section-no e-con e-child\" data-id=\"8634d4f\" data-element_type=\"container\" data-settings=\"{&quot;background_background&quot;:&quot;classic&quot;}\">\n\t\t\t\t<\/div>\n\t\t<div class=\"elementor-element elementor-element-2435d1c e-con-full e-flex wpr-particle-no wpr-jarallax-no wpr-parallax-no wpr-sticky-section-no e-con e-child\" data-id=\"2435d1c\" data-element_type=\"container\" data-settings=\"{&quot;background_background&quot;:&quot;classic&quot;}\">\n\t\t<div class=\"elementor-element elementor-element-f85a97a e-con-full e-flex wpr-particle-no wpr-jarallax-no wpr-parallax-no wpr-sticky-section-no e-con e-child\" data-id=\"f85a97a\" data-element_type=\"container\">\n\t\t\t\t<div class=\"elementor-element elementor-element-145ece5 elementor-widget elementor-widget-heading\" data-id=\"145ece5\" data-element_type=\"widget\" data-widget_type=\"heading.default\">\n\t\t\t\t<div class=\"elementor-widget-container\">\n\t\t\t\t\t<h2 class=\"elementor-heading-title elementor-size-default\">Valores<\/h2>\t\t\t\t<\/div>\n\t\t\t\t<\/div>\n\t\t\t\t<div class=\"elementor-element elementor-element-808697f elementor-widget elementor-widget-text-editor\" data-id=\"808697f\" data-element_type=\"widget\" data-widget_type=\"text-editor.default\">\n\t\t\t\t<div class=\"elementor-widget-container\">\n\t\t\t\t\t\t\t\t\t<p>En la Cl\u00ednica JMD apostamos por los mejores especialistas de primer nivel en el aspecto profesional, pero tambi\u00e9n, en el \u00e1mbito humano. Trabajamos por y para nuestros pacientes.<\/p>\t\t\t\t\t\t\t\t<\/div>\n\t\t\t\t<\/div>\n\t\t\t\t<div class=\"elementor-element elementor-element-29e41ec elementor-position-left elementor-view-default elementor-mobile-position-top elementor-widget elementor-widget-icon-box\" data-id=\"29e41ec\" data-element_type=\"widget\" data-widget_type=\"icon-box.default\">\n\t\t\t\t<div class=\"elementor-widget-container\">\n\t\t\t\t\t\t\t<div class=\"elementor-icon-box-wrapper\">\n\n\t\t\t\t\t\t<div class=\"elementor-icon-box-icon\">\n\t\t\t\t<span  class=\"elementor-icon\">\n\t\t\t\t<svg aria-hidden=\"true\" class=\"e-font-icon-svg e-fas-angle-right\" viewbox=\"0 0 256 512\" xmlns=\"http:\/\/www.w3.org\/2000\/svg\"><path d=\"M224.3 273l-136 136c-9.4 9.4-24.6 9.4-33.9 0l-22.6-22.6c-9.4-9.4-9.4-24.6 0-33.9l96.4-96.4-96.4-96.4c-9.4-9.4-9.4-24.6 0-33.9L54.3 103c9.4-9.4 24.6-9.4 33.9 0l136 136c9.5 9.4 9.5 24.6.1 34z\"><\/path><\/svg>\t\t\t\t<\/span>\n\t\t\t<\/div>\n\t\t\t\n\t\t\t\t\t\t<div class=\"elementor-icon-box-content\">\n\n\t\t\t\t\t\t\t\t\t<h3 class=\"elementor-icon-box-title\">\n\t\t\t\t\t\t<span  >\n\t\t\t\t\t\t\tMisi\u00f3n\t\t\t\t\t\t<\/span>\n\t\t\t\t\t<\/h3>\n\t\t\t\t\n\t\t\t\t\t\t\t\t\t<p class=\"elementor-icon-box-description\">\n\t\t\t\t\t\tNuestra misi\u00f3n es ofrecer a nuestros pacientes un asesoramiento integral con nuestras pruebas de laboratorio y los mejores especialistas m\u00e9dicos.\t\t\t\t\t<\/p>\n\t\t\t\t\n\t\t\t<\/div>\n\t\t\t\n\t\t<\/div>\n\t\t\t\t\t\t<\/div>\n\t\t\t\t<\/div>\n\t\t\t\t<div class=\"elementor-element elementor-element-b894f6c elementor-position-left elementor-view-default elementor-mobile-position-top elementor-widget elementor-widget-icon-box\" data-id=\"b894f6c\" data-element_type=\"widget\" data-widget_type=\"icon-box.default\">\n\t\t\t\t<div class=\"elementor-widget-container\">\n\t\t\t\t\t\t\t<div class=\"elementor-icon-box-wrapper\">\n\n\t\t\t\t\t\t<div class=\"elementor-icon-box-icon\">\n\t\t\t\t<span  class=\"elementor-icon\">\n\t\t\t\t<svg aria-hidden=\"true\" class=\"e-font-icon-svg e-fas-angle-right\" viewbox=\"0 0 256 512\" xmlns=\"http:\/\/www.w3.org\/2000\/svg\"><path d=\"M224.3 273l-136 136c-9.4 9.4-24.6 9.4-33.9 0l-22.6-22.6c-9.4-9.4-9.4-24.6 0-33.9l96.4-96.4-96.4-96.4c-9.4-9.4-9.4-24.6 0-33.9L54.3 103c9.4-9.4 24.6-9.4 33.9 0l136 136c9.5 9.4 9.5 24.6.1 34z\"><\/path><\/svg>\t\t\t\t<\/span>\n\t\t\t<\/div>\n\t\t\t\n\t\t\t\t\t\t<div class=\"elementor-icon-box-content\">\n\n\t\t\t\t\t\t\t\t\t<h3 class=\"elementor-icon-box-title\">\n\t\t\t\t\t\t<span  >\n\t\t\t\t\t\t\tVisi\u00f3n\t\t\t\t\t\t<\/span>\n\t\t\t\t\t<\/h3>\n\t\t\t\t\n\t\t\t\t\t\t\t\t\t<p class=\"elementor-icon-box-description\">\n\t\t\t\t\t\tConvertirnos en el laboratorio de referencia en el sector en Canarias donde el paciente es siempre lo primero.\t\t\t\t\t<\/p>\n\t\t\t\t\n\t\t\t<\/div>\n\t\t\t\n\t\t<\/div>\n\t\t\t\t\t\t<\/div>\n\t\t\t\t<\/div>\n\t\t\t\t<\/div>\n\t\t\t\t<\/div>\n\t\t\t\t\t<\/div>\n\t\t\t\t<\/div>\n\t\t\t\t<\/div>","protected":false},"excerpt":{"rendered":"<p>Nosotros Home El laboratorio Actualmente somos el laboratorio con mayor experiencia en Lanzarote. Estamos comprometidos con cada uno de nuestros pacientes y nuestro principal objetivos es ofrecer un servicio integral donde nuestros pacientes puedan llevar a cabo las pruebas necesarias y ser asesorados por nuestros especialistas m\u00e9dicos. Historia El Doctor Francisco Sicilia Guill\u00e9n abre su primer laboratorio en 1985, posteriormente renovado y convertido en la Cl\u00ednica JMD. Actualmente es el laboratorio de mayor antig\u00fcedad en Lanzarote, y la cl\u00ednica se consolida d\u00eda a d\u00eda a trav\u00e9s del desarrollo de sus an\u00e1lisis cl\u00ednicos y sus servicios m\u00e9dicos, con el objetivo de dar una respuesta eficaz y la mejor calidad a sus pacientes. Valores En la Cl\u00ednica JMD apostamos por los mejores especialistas de primer nivel en el aspecto profesional, pero tambi\u00e9n, en el \u00e1mbito humano. Trabajamos por y para nuestros pacientes. Misi\u00f3n Nuestra misi\u00f3n es ofrecer a nuestros pacientes un asesoramiento integral con nuestras pruebas de laboratorio y los mejores especialistas m\u00e9dicos. Visi\u00f3n Convertirnos en el laboratorio de referencia en el sector en Canarias donde el paciente es siempre lo primero.<\/p>","protected":false},"author":1,"featured_media":0,"parent":0,"menu_order":0,"comment_status":"closed","ping_status":"closed","template":"full-width.php","meta":{"site-sidebar-layout":"default","site-content-layout":"","ast-site-content-layout":"","site-content-style":"default","site-sidebar-style":"default","ast-global-header-display":"","ast-banner-title-visibility":"","ast-main-header-display":"","ast-hfb-above-header-display":"","ast-hfb-below-header-display":"","ast-hfb-mobile-header-display":"","site-post-title":"","ast-breadcrumbs-content":"","ast-featured-img":"","footer-sml-layout":"","theme-transparent-header-meta":"","adv-header-id-meta":"","stick-header-meta":"","header-above-stick-meta":"","header-main-stick-meta":"","header-below-stick-meta":"","astra-migrate-meta-layouts":"default","ast-page-background-enabled":"default","ast-page-background-meta":{"desktop":{"background-color":"","background-image":"","background-repeat":"repeat","background-position":"center center","background-size":"auto","background-attachment":"scroll","background-type":"","background-media":"","overlay-type":"","overlay-color":"","overlay-opacity":"","overlay-gradient":""},"tablet":{"background-color":"","background-image":"","background-repeat":"repeat","background-position":"center center","background-size":"auto","background-attachment":"scroll","background-type":"","background-media":"","overlay-type":"","overlay-color":"","overlay-opacity":"","overlay-gradient":""},"mobile":{"background-color":"","background-image":"","background-repeat":"repeat","background-position":"center center","background-size":"auto","background-attachment":"scroll","background-type":"","background-media":"","overlay-type":"","overlay-color":"","overlay-opacity":"","overlay-gradient":""}},"ast-content-background-meta":{"desktop":{"background-color":"var(--ast-global-color-5)","background-image":"","background-repeat":"repeat","background-position":"center center","background-size":"auto","background-attachment":"scroll","background-type":"","background-media":"","overlay-type":"","overlay-color":"","overlay-opacity":"","overlay-gradient":""},"tablet":{"background-color":"var(--ast-global-color-5)","background-image":"","background-repeat":"repeat","background-position":"center center","background-size":"auto","background-attachment":"scroll","background-type":"","background-media":"","overlay-type":"","overlay-color":"","overlay-opacity":"","overlay-gradient":""},"mobile":{"background-color":"var(--ast-global-color-5)","background-image":"","background-repeat":"repeat","background-position":"center center","background-size":"auto","background-attachment":"scroll","background-type":"","background-media":"","overlay-type":"","overlay-color":"","overlay-opacity":"","overlay-gradient":""}},"footnotes":""},"class_list":["post-60","page","type-page","status-publish","hentry"],"yoast_head":"<!-- This site is optimized with the Yoast SEO plugin v24.7 - https:\/\/yoast.com\/wordpress\/plugins\/seo\/ -->\n<title>Nosotros - EMERGENCY DOCTOR LANZAROTE S.L.U.<\/title>\n<meta name=\"robots\" content=\"index, follow, max-snippet:-1, max-image-preview:large, max-video-preview:-1\" \/>\n<link rel=\"canonical\" href=\"https:\/\/emergencydoctorarzt.com\/en\/nosotros\/\" \/>\n<meta property=\"og:locale\" content=\"en_US\" \/>\n<meta property=\"og:type\" content=\"article\" \/>\n<meta property=\"og:title\" content=\"Nosotros - EMERGENCY DOCTOR LANZAROTE S.L.U.\" \/>\n<meta property=\"og:description\" content=\"Nosotros Home El laboratorio Actualmente somos el laboratorio con mayor experiencia en Lanzarote. Estamos comprometidos con cada uno de nuestros pacientes y nuestro principal objetivos es ofrecer un servicio integral donde nuestros pacientes puedan llevar a cabo las pruebas necesarias y ser asesorados por nuestros especialistas m\u00e9dicos. Historia El Doctor Francisco Sicilia Guill\u00e9n abre su primer laboratorio en 1985, posteriormente renovado y convertido en la Cl\u00ednica JMD. Actualmente es el laboratorio de mayor antig\u00fcedad en Lanzarote, y la cl\u00ednica se consolida d\u00eda a d\u00eda a trav\u00e9s del desarrollo de sus an\u00e1lisis cl\u00ednicos y sus servicios m\u00e9dicos, con el objetivo de dar una respuesta eficaz y la mejor calidad a sus pacientes. Valores En la Cl\u00ednica JMD apostamos por los mejores especialistas de primer nivel en el aspecto profesional, pero tambi\u00e9n, en el \u00e1mbito humano. Trabajamos por y para nuestros pacientes. Misi\u00f3n Nuestra misi\u00f3n es ofrecer a nuestros pacientes un asesoramiento integral con nuestras pruebas de laboratorio y los mejores especialistas m\u00e9dicos. Visi\u00f3n Convertirnos en el laboratorio de referencia en el sector en Canarias donde el paciente es siempre lo primero.\" \/>\n<meta property=\"og:url\" content=\"https:\/\/emergencydoctorarzt.com\/en\/nosotros\/\" \/>\n<meta property=\"og:site_name\" content=\"EMERGENCY DOCTOR LANZAROTE S.L.U.\" \/>\n<meta property=\"og:image\" content=\"https:\/\/emergencydoctorarzt.com\/wp-content\/uploads\/2023\/03\/logo.png\" \/>\n\t<meta property=\"og:image:width\" content=\"1052\" \/>\n\t<meta property=\"og:image:height\" content=\"328\" \/>\n\t<meta property=\"og:image:type\" content=\"image\/png\" \/>\n<meta name=\"twitter:card\" content=\"summary_large_image\" \/>\n<meta name=\"twitter:label1\" content=\"Est. reading time\" \/>\n\t<meta name=\"twitter:data1\" content=\"1 minute\" \/>\n<script type=\"application\/ld+json\" class=\"yoast-schema-graph\">{\"@context\":\"https:\/\/schema.org\",\"@graph\":[{\"@type\":\"WebPage\",\"@id\":\"https:\/\/emergencydoctorarzt.com\/nosotros\/\",\"url\":\"https:\/\/emergencydoctorarzt.com\/nosotros\/\",\"name\":\"Nosotros - EMERGENCY DOCTOR LANZAROTE S.L.U.\",\"isPartOf\":{\"@id\":\"https:\/\/emergencydoctorarzt.com\/#website\"},\"datePublished\":\"2019-12-15T06:52:34+00:00\",\"breadcrumb\":{\"@id\":\"https:\/\/emergencydoctorarzt.com\/nosotros\/#breadcrumb\"},\"inLanguage\":\"en-US\",\"potentialAction\":[{\"@type\":\"ReadAction\",\"target\":[\"https:\/\/emergencydoctorarzt.com\/nosotros\/\"]}]},{\"@type\":\"BreadcrumbList\",\"@id\":\"https:\/\/emergencydoctorarzt.com\/nosotros\/#breadcrumb\",\"itemListElement\":[{\"@type\":\"ListItem\",\"position\":1,\"name\":\"Portada\",\"item\":\"https:\/\/emergencydoctorarzt.com\/\"},{\"@type\":\"ListItem\",\"position\":2,\"name\":\"Nosotros\"}]},{\"@type\":\"WebSite\",\"@id\":\"https:\/\/emergencydoctorarzt.com\/#website\",\"url\":\"https:\/\/emergencydoctorarzt.com\/\",\"name\":\"Emergency Doctor Lanzarote\",\"description\":\"\",\"publisher\":{\"@id\":\"https:\/\/emergencydoctorarzt.com\/#organization\"},\"potentialAction\":[{\"@type\":\"SearchAction\",\"target\":{\"@type\":\"EntryPoint\",\"urlTemplate\":\"https:\/\/emergencydoctorarzt.com\/?s={search_term_string}\"},\"query-input\":{\"@type\":\"PropertyValueSpecification\",\"valueRequired\":true,\"valueName\":\"search_term_string\"}}],\"inLanguage\":\"en-US\"},{\"@type\":\"Organization\",\"@id\":\"https:\/\/emergencydoctorarzt.com\/#organization\",\"name\":\"Emergency Doctor Lanzarote S.L.U.\",\"url\":\"https:\/\/emergencydoctorarzt.com\/\",\"logo\":{\"@type\":\"ImageObject\",\"inLanguage\":\"en-US\",\"@id\":\"https:\/\/emergencydoctorarzt.com\/#\/schema\/logo\/image\/\",\"url\":\"https:\/\/emergencydoctorarzt.comwp-content\/uploads\/2023\/03\/logo-2.png\",\"contentUrl\":\"https:\/\/emergencydoctorarzt.comwp-content\/uploads\/2023\/03\/logo-2.png\",\"width\":409,\"height\":469,\"caption\":\"Emergency Doctor Lanzarote S.L.U.\"},\"image\":{\"@id\":\"https:\/\/emergencydoctorarzt.com\/#\/schema\/logo\/image\/\"}}]}<\/script>\n<!-- \/ Yoast SEO plugin. -->","yoast_head_json":{"title":"Nosotros - EMERGENCY DOCTOR LANZAROTE S.L.U.","robots":{"index":"index","follow":"follow","max-snippet":"max-snippet:-1","max-image-preview":"max-image-preview:large","max-video-preview":"max-video-preview:-1"},"canonical":"https:\/\/emergencydoctorarzt.com\/en\/nosotros\/","og_locale":"en_US","og_type":"article","og_title":"Nosotros - EMERGENCY DOCTOR LANZAROTE S.L.U.","og_description":"Nosotros Home El laboratorio Actualmente somos el laboratorio con mayor experiencia en Lanzarote. Estamos comprometidos con cada uno de nuestros pacientes y nuestro principal objetivos es ofrecer un servicio integral donde nuestros pacientes puedan llevar a cabo las pruebas necesarias y ser asesorados por nuestros especialistas m\u00e9dicos. Historia El Doctor Francisco Sicilia Guill\u00e9n abre su primer laboratorio en 1985, posteriormente renovado y convertido en la Cl\u00ednica JMD. Actualmente es el laboratorio de mayor antig\u00fcedad en Lanzarote, y la cl\u00ednica se consolida d\u00eda a d\u00eda a trav\u00e9s del desarrollo de sus an\u00e1lisis cl\u00ednicos y sus servicios m\u00e9dicos, con el objetivo de dar una respuesta eficaz y la mejor calidad a sus pacientes. Valores En la Cl\u00ednica JMD apostamos por los mejores especialistas de primer nivel en el aspecto profesional, pero tambi\u00e9n, en el \u00e1mbito humano. Trabajamos por y para nuestros pacientes. Misi\u00f3n Nuestra misi\u00f3n es ofrecer a nuestros pacientes un asesoramiento integral con nuestras pruebas de laboratorio y los mejores especialistas m\u00e9dicos. Visi\u00f3n Convertirnos en el laboratorio de referencia en el sector en Canarias donde el paciente es siempre lo primero.","og_url":"https:\/\/emergencydoctorarzt.com\/en\/nosotros\/","og_site_name":"EMERGENCY DOCTOR LANZAROTE S.L.U.","og_image":[{"width":1052,"height":328,"url":"https:\/\/emergencydoctorarzt.com\/wp-content\/uploads\/2023\/03\/logo.png","type":"image\/png"}],"twitter_card":"summary_large_image","twitter_misc":{"Est. reading time":"1 minute"},"schema":{"@context":"https:\/\/schema.org","@graph":[{"@type":"WebPage","@id":"https:\/\/emergencydoctorarzt.com\/nosotros\/","url":"https:\/\/emergencydoctorarzt.com\/nosotros\/","name":"Nosotros - EMERGENCY DOCTOR LANZAROTE S.L.U.","isPartOf":{"@id":"https:\/\/emergencydoctorarzt.com\/#website"},"datePublished":"2019-12-15T06:52:34+00:00","breadcrumb":{"@id":"https:\/\/emergencydoctorarzt.com\/nosotros\/#breadcrumb"},"inLanguage":"en-US","potentialAction":[{"@type":"ReadAction","target":["https:\/\/emergencydoctorarzt.com\/nosotros\/"]}]},{"@type":"BreadcrumbList","@id":"https:\/\/emergencydoctorarzt.com\/nosotros\/#breadcrumb","itemListElement":[{"@type":"ListItem","position":1,"name":"Portada","item":"https:\/\/emergencydoctorarzt.com\/"},{"@type":"ListItem","position":2,"name":"Nosotros"}]},{"@type":"WebSite","@id":"https:\/\/emergencydoctorarzt.com\/#website","url":"https:\/\/emergencydoctorarzt.com\/","name":"Emergency Doctor Lanzarote","description":"","publisher":{"@id":"https:\/\/emergencydoctorarzt.com\/#organization"},"potentialAction":[{"@type":"SearchAction","target":{"@type":"EntryPoint","urlTemplate":"https:\/\/emergencydoctorarzt.com\/?s={search_term_string}"},"query-input":{"@type":"PropertyValueSpecification","valueRequired":true,"valueName":"search_term_string"}}],"inLanguage":"en-US"},{"@type":"Organization","@id":"https:\/\/emergencydoctorarzt.com\/#organization","name":"Emergency Doctor Lanzarote S.L.U.","url":"https:\/\/emergencydoctorarzt.com\/","logo":{"@type":"ImageObject","inLanguage":"en-US","@id":"https:\/\/emergencydoctorarzt.com\/#\/schema\/logo\/image\/","url":"https:\/\/emergencydoctorarzt.comwp-content\/uploads\/2023\/03\/logo-2.png","contentUrl":"https:\/\/emergencydoctorarzt.comwp-content\/uploads\/2023\/03\/logo-2.png","width":409,"height":469,"caption":"Emergency Doctor Lanzarote S.L.U."},"image":{"@id":"https:\/\/emergencydoctorarzt.com\/#\/schema\/logo\/image\/"}}]}},"_links":{"self":[{"href":"https:\/\/emergencydoctorarzt.com\/en\/wp-json\/wp\/v2\/pages\/60","targetHints":{"allow":["GET"]}}],"collection":[{"href":"https:\/\/emergencydoctorarzt.com\/en\/wp-json\/wp\/v2\/pages"}],"about":[{"href":"https:\/\/emergencydoctorarzt.com\/en\/wp-json\/wp\/v2\/types\/page"}],"author":[{"embeddable":true,"href":"https:\/\/emergencydoctorarzt.com\/en\/wp-json\/wp\/v2\/users\/1"}],"replies":[{"embeddable":true,"href":"https:\/\/emergencydoctorarzt.com\/en\/wp-json\/wp\/v2\/comments?post=60"}],"version-history":[{"count":0,"href":"https:\/\/emergencydoctorarzt.com\/en\/wp-json\/wp\/v2\/pages\/60\/revisions"}],"wp:attachment":[{"href":"https:\/\/emergencydoctorarzt.com\/en\/wp-json\/wp\/v2\/media?parent=60"}],"curies":[{"name":"wp","href":"https:\/\/api.w.org\/{rel}","templated":true}]}}