{"id":70,"date":"2019-12-15T17:53:47","date_gmt":"2019-12-15T17:53:47","guid":{"rendered":"https:\/\/jupiterx.artbees.net\/lab\/?page_id=70"},"modified":"2019-12-15T17:53:47","modified_gmt":"2019-12-15T17:53:47","slug":"servicios","status":"publish","type":"page","link":"https:\/\/emergencydoctorarzt.com\/en\/servicios\/","title":{"rendered":"Servicios"},"content":{"rendered":"<div data-elementor-type=\"wp-page\" data-elementor-id=\"70\" class=\"elementor elementor-70\">\n\t\t\t\t<div class=\"elementor-element elementor-element-7e6aada e-flex e-con-boxed wpr-particle-no wpr-jarallax-no wpr-parallax-no wpr-sticky-section-no e-con e-parent\" data-id=\"7e6aada\" data-element_type=\"container\" data-settings=\"{&quot;background_background&quot;:&quot;classic&quot;}\">\n\t\t\t\t\t<div class=\"e-con-inner\">\n\t\t<div class=\"elementor-element elementor-element-f5e171c e-con-full e-flex wpr-particle-no wpr-jarallax-no wpr-parallax-no wpr-sticky-section-no e-con e-child\" data-id=\"f5e171c\" data-element_type=\"container\">\n\t\t\t\t<div class=\"elementor-element elementor-element-3a899b3 elementor-widget elementor-widget-image\" data-id=\"3a899b3\" data-element_type=\"widget\" data-widget_type=\"image.default\">\n\t\t\t\t<div class=\"elementor-widget-container\">\n\t\t\t\t\t\t\t\t\t\t\t\t\t\t\t<img fetchpriority=\"high\" decoding=\"async\" width=\"500\" height=\"144\" src=\"https:\/\/emergencydoctorarzt.com\/wp-content\/uploads\/2025\/02\/Logos-web-4-copia.webp\" class=\"attachment-full size-full wp-image-3469\" alt=\"\" srcset=\"https:\/\/emergencydoctorarzt.com\/wp-content\/uploads\/2025\/02\/Logos-web-4-copia.webp 500w, https:\/\/emergencydoctorarzt.com\/wp-content\/uploads\/2025\/02\/Logos-web-4-copia-300x86.webp 300w\" sizes=\"(max-width: 500px) 100vw, 500px\" \/>\t\t\t\t\t\t\t\t\t\t\t\t\t\t\t<\/div>\n\t\t\t\t<\/div>\n\t\t\t\t<div class=\"elementor-element elementor-element-9c5f6a2 elementor-widget elementor-widget-heading\" data-id=\"9c5f6a2\" data-element_type=\"widget\" data-widget_type=\"heading.default\">\n\t\t\t\t<div class=\"elementor-widget-container\">\n\t\t\t\t\t<h1 class=\"elementor-heading-title elementor-size-default\">Servicios<\/h1>\t\t\t\t<\/div>\n\t\t\t\t<\/div>\n\t\t\t\t<\/div>\n\t\t\t\t\t<\/div>\n\t\t\t\t<\/div>\n\t\t\t\t<section class=\"elementor-section elementor-top-section elementor-element elementor-element-7f270ab elementor-section-boxed elementor-section-height-default elementor-section-height-default wpr-particle-no wpr-jarallax-no wpr-parallax-no wpr-sticky-section-no\" data-id=\"7f270ab\" data-element_type=\"section\">\n\t\t\t\t\t\t<div class=\"elementor-container elementor-column-gap-no\">\n\t\t\t\t\t<div class=\"elementor-column elementor-col-100 elementor-top-column elementor-element elementor-element-4a4ff61\" data-id=\"4a4ff61\" data-element_type=\"column\">\n\t\t\t<div class=\"elementor-widget-wrap elementor-element-populated\">\n\t\t\t\t\t\t<div class=\"elementor-element elementor-element-4690891 elementor-widget elementor-widget-heading\" data-id=\"4690891\" data-element_type=\"widget\" data-widget_type=\"heading.default\">\n\t\t\t\t<div class=\"elementor-widget-container\">\n\t\t\t\t\t<h2 class=\"elementor-heading-title elementor-size-default\">Nuestros principales servicios<\/h2>\t\t\t\t<\/div>\n\t\t\t\t<\/div>\n\t\t\t\t<div class=\"elementor-element elementor-element-e4a5262 elementor-widget elementor-widget-text-editor\" data-id=\"e4a5262\" data-element_type=\"widget\" data-widget_type=\"text-editor.default\">\n\t\t\t\t<div class=\"elementor-widget-container\">\n\t\t\t\t\t\t\t\t\t<p>Ofrecemos una amplia variedad de servicios que se ajustan a sus necesidades<br \/>con unos altos est\u00e1ndares de calidad.<\/p>\t\t\t\t\t\t\t\t<\/div>\n\t\t\t\t<\/div>\n\t\t\t\t\t<\/div>\n\t\t<\/div>\n\t\t\t\t\t<\/div>\n\t\t<\/section>\n\t\t\t\t<section class=\"elementor-section elementor-top-section elementor-element elementor-element-842f0ce elementor-section-boxed elementor-section-height-default elementor-section-height-default wpr-particle-no wpr-jarallax-no wpr-parallax-no wpr-sticky-section-no\" data-id=\"842f0ce\" data-element_type=\"section\">\n\t\t\t\t\t\t<div class=\"elementor-container elementor-column-gap-no\">\n\t\t\t\t\t<div class=\"elementor-column elementor-col-33 elementor-top-column elementor-element elementor-element-6c2b2f9\" data-id=\"6c2b2f9\" data-element_type=\"column\">\n\t\t\t<div class=\"elementor-widget-wrap elementor-element-populated\">\n\t\t\t\t\t\t<div class=\"elementor-element elementor-element-0c72fa0 elementor-widget elementor-widget-image-box\" data-id=\"0c72fa0\" data-element_type=\"widget\" data-widget_type=\"image-box.default\">\n\t\t\t\t<div class=\"elementor-widget-container\">\n\t\t\t\t\t<div class=\"elementor-image-box-wrapper\"><div class=\"elementor-image-box-content\"><h3 class=\"elementor-image-box-title\">Laboratorio<\/h3><p class=\"elementor-image-box-description\">Llevamos m\u00e1s de 30 a\u00f1os ofreciendo nuestro servicio de laboratorio en Lanzarote<\/p><\/div><\/div>\t\t\t\t<\/div>\n\t\t\t\t<\/div>\n\t\t\t\t\t<\/div>\n\t\t<\/div>\n\t\t\t\t<div class=\"elementor-column elementor-col-33 elementor-top-column elementor-element elementor-element-61ee424\" data-id=\"61ee424\" data-element_type=\"column\">\n\t\t\t<div class=\"elementor-widget-wrap elementor-element-populated\">\n\t\t\t\t\t\t<div class=\"elementor-element elementor-element-4f7d201 elementor-widget elementor-widget-image-box\" data-id=\"4f7d201\" data-element_type=\"widget\" data-widget_type=\"image-box.default\">\n\t\t\t\t<div class=\"elementor-widget-container\">\n\t\t\t\t\t<div class=\"elementor-image-box-wrapper\"><div class=\"elementor-image-box-content\"><h3 class=\"elementor-image-box-title\">Especialidades M\u00e9dicas<\/h3><p class=\"elementor-image-box-description\">Disponemos de diversas disciplinas m\u00e9dicas, con especilistas cualificados.<\/p><\/div><\/div>\t\t\t\t<\/div>\n\t\t\t\t<\/div>\n\t\t\t\t\t<\/div>\n\t\t<\/div>\n\t\t\t\t<div class=\"elementor-column elementor-col-33 elementor-top-column elementor-element elementor-element-a8bff19\" data-id=\"a8bff19\" data-element_type=\"column\">\n\t\t\t<div class=\"elementor-widget-wrap elementor-element-populated\">\n\t\t\t\t\t\t<div class=\"elementor-element elementor-element-82988f5 elementor-widget elementor-widget-image-box\" data-id=\"82988f5\" data-element_type=\"widget\" data-widget_type=\"image-box.default\">\n\t\t\t\t<div class=\"elementor-widget-container\">\n\t\t\t\t\t<div class=\"elementor-image-box-wrapper\"><div class=\"elementor-image-box-content\"><h3 class=\"elementor-image-box-title\">Seguridad alimentaria<\/h3><p class=\"elementor-image-box-description\">Manual APPC. Servicio de auditorias. Curso de manipulador de alimentos.\n\n<\/p><\/div><\/div>\t\t\t\t<\/div>\n\t\t\t\t<\/div>\n\t\t\t\t\t<\/div>\n\t\t<\/div>\n\t\t\t\t\t<\/div>\n\t\t<\/section>\n\t\t\t\t<\/div>","protected":false},"excerpt":{"rendered":"<p>Servicios Home Nuestros principales servicios Ofrecemos una amplia variedad de servicios que se ajustan a sus necesidadescon unos altos est\u00e1ndares de calidad. Laboratorio Llevamos m\u00e1s de 30 a\u00f1os ofreciendo nuestro servicio de laboratorio en Lanzarote Especialidades M\u00e9dicas Disponemos de diversas disciplinas m\u00e9dicas, con especilistas cualificados. Seguridad alimentaria Manual APPC. Servicio de auditorias. Curso de manipulador de alimentos.<\/p>","protected":false},"author":1,"featured_media":0,"parent":0,"menu_order":0,"comment_status":"closed","ping_status":"closed","template":"full-width.php","meta":{"site-sidebar-layout":"default","site-content-layout":"","ast-site-content-layout":"","site-content-style":"default","site-sidebar-style":"default","ast-global-header-display":"","ast-banner-title-visibility":"","ast-main-header-display":"","ast-hfb-above-header-display":"","ast-hfb-below-header-display":"","ast-hfb-mobile-header-display":"","site-post-title":"","ast-breadcrumbs-content":"","ast-featured-img":"","footer-sml-layout":"","theme-transparent-header-meta":"","adv-header-id-meta":"","stick-header-meta":"","header-above-stick-meta":"","header-main-stick-meta":"","header-below-stick-meta":"","astra-migrate-meta-layouts":"default","ast-page-background-enabled":"default","ast-page-background-meta":{"desktop":{"background-color":"","background-image":"","background-repeat":"repeat","background-position":"center center","background-size":"auto","background-attachment":"scroll","background-type":"","background-media":"","overlay-type":"","overlay-color":"","overlay-opacity":"","overlay-gradient":""},"tablet":{"background-color":"","background-image":"","background-repeat":"repeat","background-position":"center center","background-size":"auto","background-attachment":"scroll","background-type":"","background-media":"","overlay-type":"","overlay-color":"","overlay-opacity":"","overlay-gradient":""},"mobile":{"background-color":"","background-image":"","background-repeat":"repeat","background-position":"center center","background-size":"auto","background-attachment":"scroll","background-type":"","background-media":"","overlay-type":"","overlay-color":"","overlay-opacity":"","overlay-gradient":""}},"ast-content-background-meta":{"desktop":{"background-color":"var(--ast-global-color-5)","background-image":"","background-repeat":"repeat","background-position":"center center","background-size":"auto","background-attachment":"scroll","background-type":"","background-media":"","overlay-type":"","overlay-color":"","overlay-opacity":"","overlay-gradient":""},"tablet":{"background-color":"var(--ast-global-color-5)","background-image":"","background-repeat":"repeat","background-position":"center center","background-size":"auto","background-attachment":"scroll","background-type":"","background-media":"","overlay-type":"","overlay-color":"","overlay-opacity":"","overlay-gradient":""},"mobile":{"background-color":"var(--ast-global-color-5)","background-image":"","background-repeat":"repeat","background-position":"center center","background-size":"auto","background-attachment":"scroll","background-type":"","background-media":"","overlay-type":"","overlay-color":"","overlay-opacity":"","overlay-gradient":""}},"footnotes":""},"class_list":["post-70","page","type-page","status-publish","hentry"],"yoast_head":"<!-- This site is optimized with the Yoast SEO plugin v24.7 - https:\/\/yoast.com\/wordpress\/plugins\/seo\/ -->\n<title>Servicios - EMERGENCY DOCTOR LANZAROTE S.L.U.<\/title>\n<meta name=\"robots\" content=\"index, follow, max-snippet:-1, max-image-preview:large, max-video-preview:-1\" \/>\n<link rel=\"canonical\" href=\"https:\/\/emergencydoctorarzt.com\/en\/servicios\/\" \/>\n<meta property=\"og:locale\" content=\"en_US\" \/>\n<meta property=\"og:type\" content=\"article\" \/>\n<meta property=\"og:title\" content=\"Servicios - EMERGENCY DOCTOR LANZAROTE S.L.U.\" \/>\n<meta property=\"og:description\" content=\"Servicios Home Nuestros principales servicios Ofrecemos una amplia variedad de servicios que se ajustan a sus necesidadescon unos altos est\u00e1ndares de calidad. Laboratorio Llevamos m\u00e1s de 30 a\u00f1os ofreciendo nuestro servicio de laboratorio en Lanzarote Especialidades M\u00e9dicas Disponemos de diversas disciplinas m\u00e9dicas, con especilistas cualificados. Seguridad alimentaria Manual APPC. Servicio de auditorias. Curso de manipulador de alimentos.\" \/>\n<meta property=\"og:url\" content=\"https:\/\/emergencydoctorarzt.com\/en\/servicios\/\" \/>\n<meta property=\"og:site_name\" content=\"EMERGENCY DOCTOR LANZAROTE S.L.U.\" \/>\n<meta property=\"og:image\" content=\"https:\/\/emergencydoctorarzt.com\/wp-content\/uploads\/2025\/02\/Logos-web-4-copia.webp\" \/>\n<meta name=\"twitter:card\" content=\"summary_large_image\" \/>\n<script type=\"application\/ld+json\" class=\"yoast-schema-graph\">{\"@context\":\"https:\/\/schema.org\",\"@graph\":[{\"@type\":\"WebPage\",\"@id\":\"https:\/\/emergencydoctorarzt.com\/servicios\/\",\"url\":\"https:\/\/emergencydoctorarzt.com\/servicios\/\",\"name\":\"Servicios - EMERGENCY DOCTOR LANZAROTE S.L.U.\",\"isPartOf\":{\"@id\":\"https:\/\/emergencydoctorarzt.com\/#website\"},\"primaryImageOfPage\":{\"@id\":\"https:\/\/emergencydoctorarzt.com\/servicios\/#primaryimage\"},\"image\":{\"@id\":\"https:\/\/emergencydoctorarzt.com\/servicios\/#primaryimage\"},\"thumbnailUrl\":\"https:\/\/emergencydoctorarzt.com\/wp-content\/uploads\/2025\/02\/Logos-web-4-copia.webp\",\"datePublished\":\"2019-12-15T17:53:47+00:00\",\"breadcrumb\":{\"@id\":\"https:\/\/emergencydoctorarzt.com\/servicios\/#breadcrumb\"},\"inLanguage\":\"en-US\",\"potentialAction\":[{\"@type\":\"ReadAction\",\"target\":[\"https:\/\/emergencydoctorarzt.com\/servicios\/\"]}]},{\"@type\":\"ImageObject\",\"inLanguage\":\"en-US\",\"@id\":\"https:\/\/emergencydoctorarzt.com\/servicios\/#primaryimage\",\"url\":\"https:\/\/emergencydoctorarzt.com\/wp-content\/uploads\/2025\/02\/Logos-web-4-copia.webp\",\"contentUrl\":\"https:\/\/emergencydoctorarzt.com\/wp-content\/uploads\/2025\/02\/Logos-web-4-copia.webp\"},{\"@type\":\"BreadcrumbList\",\"@id\":\"https:\/\/emergencydoctorarzt.com\/servicios\/#breadcrumb\",\"itemListElement\":[{\"@type\":\"ListItem\",\"position\":1,\"name\":\"Portada\",\"item\":\"https:\/\/emergencydoctorarzt.com\/\"},{\"@type\":\"ListItem\",\"position\":2,\"name\":\"Servicios\"}]},{\"@type\":\"WebSite\",\"@id\":\"https:\/\/emergencydoctorarzt.com\/#website\",\"url\":\"https:\/\/emergencydoctorarzt.com\/\",\"name\":\"Emergency Doctor Lanzarote\",\"description\":\"\",\"publisher\":{\"@id\":\"https:\/\/emergencydoctorarzt.com\/#organization\"},\"potentialAction\":[{\"@type\":\"SearchAction\",\"target\":{\"@type\":\"EntryPoint\",\"urlTemplate\":\"https:\/\/emergencydoctorarzt.com\/?s={search_term_string}\"},\"query-input\":{\"@type\":\"PropertyValueSpecification\",\"valueRequired\":true,\"valueName\":\"search_term_string\"}}],\"inLanguage\":\"en-US\"},{\"@type\":\"Organization\",\"@id\":\"https:\/\/emergencydoctorarzt.com\/#organization\",\"name\":\"Emergency Doctor Lanzarote S.L.U.\",\"url\":\"https:\/\/emergencydoctorarzt.com\/\",\"logo\":{\"@type\":\"ImageObject\",\"inLanguage\":\"en-US\",\"@id\":\"https:\/\/emergencydoctorarzt.com\/#\/schema\/logo\/image\/\",\"url\":\"https:\/\/emergencydoctorarzt.comwp-content\/uploads\/2023\/03\/logo-2.png\",\"contentUrl\":\"https:\/\/emergencydoctorarzt.comwp-content\/uploads\/2023\/03\/logo-2.png\",\"width\":409,\"height\":469,\"caption\":\"Emergency Doctor Lanzarote S.L.U.\"},\"image\":{\"@id\":\"https:\/\/emergencydoctorarzt.com\/#\/schema\/logo\/image\/\"}}]}<\/script>\n<!-- \/ Yoast SEO plugin. -->","yoast_head_json":{"title":"Servicios - EMERGENCY DOCTOR LANZAROTE S.L.U.","robots":{"index":"index","follow":"follow","max-snippet":"max-snippet:-1","max-image-preview":"max-image-preview:large","max-video-preview":"max-video-preview:-1"},"canonical":"https:\/\/emergencydoctorarzt.com\/en\/servicios\/","og_locale":"en_US","og_type":"article","og_title":"Servicios - EMERGENCY DOCTOR LANZAROTE S.L.U.","og_description":"Servicios Home Nuestros principales servicios Ofrecemos una amplia variedad de servicios que se ajustan a sus necesidadescon unos altos est\u00e1ndares de calidad. Laboratorio Llevamos m\u00e1s de 30 a\u00f1os ofreciendo nuestro servicio de laboratorio en Lanzarote Especialidades M\u00e9dicas Disponemos de diversas disciplinas m\u00e9dicas, con especilistas cualificados. Seguridad alimentaria Manual APPC. Servicio de auditorias. Curso de manipulador de alimentos.","og_url":"https:\/\/emergencydoctorarzt.com\/en\/servicios\/","og_site_name":"EMERGENCY DOCTOR LANZAROTE S.L.U.","og_image":[{"url":"https:\/\/emergencydoctorarzt.com\/wp-content\/uploads\/2025\/02\/Logos-web-4-copia.webp","type":"","width":"","height":""}],"twitter_card":"summary_large_image","schema":{"@context":"https:\/\/schema.org","@graph":[{"@type":"WebPage","@id":"https:\/\/emergencydoctorarzt.com\/servicios\/","url":"https:\/\/emergencydoctorarzt.com\/servicios\/","name":"Servicios - EMERGENCY DOCTOR LANZAROTE S.L.U.","isPartOf":{"@id":"https:\/\/emergencydoctorarzt.com\/#website"},"primaryImageOfPage":{"@id":"https:\/\/emergencydoctorarzt.com\/servicios\/#primaryimage"},"image":{"@id":"https:\/\/emergencydoctorarzt.com\/servicios\/#primaryimage"},"thumbnailUrl":"https:\/\/emergencydoctorarzt.com\/wp-content\/uploads\/2025\/02\/Logos-web-4-copia.webp","datePublished":"2019-12-15T17:53:47+00:00","breadcrumb":{"@id":"https:\/\/emergencydoctorarzt.com\/servicios\/#breadcrumb"},"inLanguage":"en-US","potentialAction":[{"@type":"ReadAction","target":["https:\/\/emergencydoctorarzt.com\/servicios\/"]}]},{"@type":"ImageObject","inLanguage":"en-US","@id":"https:\/\/emergencydoctorarzt.com\/servicios\/#primaryimage","url":"https:\/\/emergencydoctorarzt.com\/wp-content\/uploads\/2025\/02\/Logos-web-4-copia.webp","contentUrl":"https:\/\/emergencydoctorarzt.com\/wp-content\/uploads\/2025\/02\/Logos-web-4-copia.webp"},{"@type":"BreadcrumbList","@id":"https:\/\/emergencydoctorarzt.com\/servicios\/#breadcrumb","itemListElement":[{"@type":"ListItem","position":1,"name":"Portada","item":"https:\/\/emergencydoctorarzt.com\/"},{"@type":"ListItem","position":2,"name":"Servicios"}]},{"@type":"WebSite","@id":"https:\/\/emergencydoctorarzt.com\/#website","url":"https:\/\/emergencydoctorarzt.com\/","name":"Emergency Doctor Lanzarote","description":"","publisher":{"@id":"https:\/\/emergencydoctorarzt.com\/#organization"},"potentialAction":[{"@type":"SearchAction","target":{"@type":"EntryPoint","urlTemplate":"https:\/\/emergencydoctorarzt.com\/?s={search_term_string}"},"query-input":{"@type":"PropertyValueSpecification","valueRequired":true,"valueName":"search_term_string"}}],"inLanguage":"en-US"},{"@type":"Organization","@id":"https:\/\/emergencydoctorarzt.com\/#organization","name":"Emergency Doctor Lanzarote S.L.U.","url":"https:\/\/emergencydoctorarzt.com\/","logo":{"@type":"ImageObject","inLanguage":"en-US","@id":"https:\/\/emergencydoctorarzt.com\/#\/schema\/logo\/image\/","url":"https:\/\/emergencydoctorarzt.comwp-content\/uploads\/2023\/03\/logo-2.png","contentUrl":"https:\/\/emergencydoctorarzt.comwp-content\/uploads\/2023\/03\/logo-2.png","width":409,"height":469,"caption":"Emergency Doctor Lanzarote S.L.U."},"image":{"@id":"https:\/\/emergencydoctorarzt.com\/#\/schema\/logo\/image\/"}}]}},"_links":{"self":[{"href":"https:\/\/emergencydoctorarzt.com\/en\/wp-json\/wp\/v2\/pages\/70","targetHints":{"allow":["GET"]}}],"collection":[{"href":"https:\/\/emergencydoctorarzt.com\/en\/wp-json\/wp\/v2\/pages"}],"about":[{"href":"https:\/\/emergencydoctorarzt.com\/en\/wp-json\/wp\/v2\/types\/page"}],"author":[{"embeddable":true,"href":"https:\/\/emergencydoctorarzt.com\/en\/wp-json\/wp\/v2\/users\/1"}],"replies":[{"embeddable":true,"href":"https:\/\/emergencydoctorarzt.com\/en\/wp-json\/wp\/v2\/comments?post=70"}],"version-history":[{"count":0,"href":"https:\/\/emergencydoctorarzt.com\/en\/wp-json\/wp\/v2\/pages\/70\/revisions"}],"wp:attachment":[{"href":"https:\/\/emergencydoctorarzt.com\/en\/wp-json\/wp\/v2\/media?parent=70"}],"curies":[{"name":"wp","href":"https:\/\/api.w.org\/{rel}","templated":true}]}}